{"id":3391,"date":"2022-11-03T16:02:37","date_gmt":"2022-11-03T15:02:37","guid":{"rendered":"https:\/\/comline-elektronik.de\/a-propos-de-nous\/"},"modified":"2025-04-03T10:45:55","modified_gmt":"2025-04-03T08:45:55","slug":"a-propos-de-nous","status":"publish","type":"page","link":"https:\/\/comline-elektronik.de\/fr\/a-propos-de-nous\/","title":{"rendered":"\u00c0 propos de nous"},"content":{"rendered":"<div class=\"wpb-content-wrapper\"><p>[vc_row margin_bottom=\u00a0\u00bb0px\u00a0\u00bb css=\u00a0\u00bb.vc_custom_1531212826179{margin-bottom: 80px !important;}\u00a0\u00bb][vc_column width=\u00a0\u00bb1\/3&Prime;][\/vc_column][vc_column width=\u00a0\u00bb2\/3&Prime;][vc_column_text]<\/p>\n<h2>Charte<\/h2>\n<p>[\/vc_column_text][\/vc_column][\/vc_row][vc_row margin_bottom=\u00a0\u00bb0px\u00a0\u00bb css=\u00a0\u00bb.vc_custom_1531212826179{margin-bottom: 80px !important;}\u00a0\u00bb][vc_column width=\u00a0\u00bb1\/3&Prime;][vc_single_image image=\u00a0\u00bb2858&Prime; img_size=\u00a0\u00bblarge\u00a0\u00bb alignment=\u00a0\u00bbright\u00a0\u00bb][\/vc_column][vc_column width=\u00a0\u00bb2\/3&Prime;][vc_column_text]<\/p>\n<h4><span style=\"color: #808080;\">Depuis 1990, Comline produit des faisceaux de c\u00e2bles et des composants de haute qualit\u00e9, m\u00eame pour les exigences les plus s\u00e9v\u00e8res \u2013 dans la construction automobile et m\u00e9canique et dans les applications industrielles. En tant que fournisseur de solutions compl\u00e8tes, nous sommes un partenaire syst\u00e8me des principaux fabricants.<\/span><\/h4>\n<h4><span style=\"color: #808080;\">De la simple confection de c\u00e2bles aux faisceaux de c\u00e2bles complexes et aux c\u00e2bles \u00e0 haute intensit\u00e9, Comline ma\u00eetrise tout le spectre du traitement des c\u00e2bles. Nous proposons des syst\u00e8mes \u00e9lectrom\u00e9caniques allant du petit circuit \u2013 int\u00e9gr\u00e9 dans des connecteurs moul\u00e9s par injection \u2013 jusqu&rsquo;au syst\u00e8me \u00e9lectrique central robuste avec surveillance intelligente.<\/span><\/h4>\n<h4><span style=\"color: #808080;\">La planification et la fabrication assist\u00e9es par CAO\/IAO les plus modernes sont une \u00e9vidence chez Comline. Le prototypage rapide\/l&rsquo;outillage rapide en interne acc\u00e9l\u00e8rent notre d\u00e9veloppement et notre production. M\u00eame les petites quantit\u00e9s avec un haut degr\u00e9 de personnalisation peuvent ainsi \u00eatre produites de mani\u00e8re rentable.<\/span><\/h4>\n<h4><span style=\"color: #808080;\">Notre gestion de la qualit\u00e9 est certifi\u00e9e selon la norme DIN EN ISO 9001. Nous assurons un niveau de qualit\u00e9 \u00e9lev\u00e9 et constant gr\u00e2ce \u00e0 des syst\u00e8mes de test sophistiqu\u00e9s, des ordinateurs et des simulateurs de test. Tous les faisceaux de c\u00e2bles et les composants sont soumis \u00e0 un contr\u00f4le \u00e0 100 % chez Comline.<\/span><\/h4>\n<h4><span style=\"color: #808080;\">Le d\u00e9veloppement de spectrom\u00e8tres infrarouges et de capteurs spectraux innovants nous a permis d&rsquo;ouvrir un autre domaine d&rsquo;activit\u00e9 et de faire progresser l&rsquo;analyse des liquides, des solides et des gaz sur la base de syst\u00e8mes de mesure \u00e9conomiques. Comme toutes les solutions de Comline, elles s&rsquo;orientent enti\u00e8rement vers les exigences de nos clients \u2013 un principe auquel nos collaboratrices et collaborateurs qualifi\u00e9s s&rsquo;engagent quotidiennement.<\/span><\/h4>\n<div class=\"gap\" style=\"line-height: 40px; height: 40px;\"><\/div>[\/vc_column_text][vc_column_text]<\/p>\n<h2>Qualit\u00e9<\/h2>\n<p>[\/vc_column_text][vc_column_text]<\/p>\n<h4><span style=\"color: #808080;\">La politique d&rsquo;entreprise de Comline Elektronik Elektrotechnik GmbH fonde nos objectifs, nos valeurs d&rsquo;entreprise et notre philosophie d&rsquo;entreprise. Elle a pour objectif de r\u00e9ussir \u00e0 long terme et de mani\u00e8re durable avec nos partenaires (clients, collaborateurs et fournisseurs). Pour ce faire, nous visons la satisfaction des clients et des collaborateurs et vivons une am\u00e9lioration constante de nos processus et de nos produits.<\/span><\/h4>\n<h4><span style=\"color: #808080;\">Le respect des dispositions l\u00e9gales en vigueur ainsi que des directives externes constituent le cadre d&rsquo;une collaboration de confiance avec nos clients, ax\u00e9e sur la qualit\u00e9. Nous voulons convaincre par notre efficacit\u00e9, notre flexibilit\u00e9, notre transparence et un dialogue ouvert.<\/span><\/h4>\n<h4><span style=\"color: #808080;\">Nous voulons cr\u00e9er des avantages concurrentiels clairs pour nos clients et misons donc sur une num\u00e9risation et une automatisation continues de nos processus de production et de logistique. Pour ce faire, nous misons sur des sites de production solides, modernes et flexibles en Allemagne et en R\u00e9publique tch\u00e8que et offrons \u00e0 nos clients un portefeuille optimal en termes de qualit\u00e9, de prix et de stabilit\u00e9.<\/span><\/h4>\n<div class=\"gap\" style=\"line-height: 40px; height: 40px;\"><\/div>[\/vc_column_text][vc_column_text]<\/p>\n<h2>Syst\u00e8me de gestion<\/h2>\n<p>[\/vc_column_text][\/vc_column][\/vc_row][vc_row margin_bottom=\u00a0\u00bb20px\u00a0\u00bb css=\u00a0\u00bb.vc_custom_1531144791473{margin-bottom: 80px !important;}\u00a0\u00bb][vc_column width=\u00a0\u00bb1\/3&Prime;][vc_single_image image=\u00a0\u00bb940&Prime; img_size=\u00a0\u00bblarge\u00a0\u00bb alignment=\u00a0\u00bbright\u00a0\u00bb][\/vc_column][vc_column width=\u00a0\u00bb2\/3&Prime;][vc_column_text]<\/p>\n<h4><span style=\"color: #808080;\">Notre syst\u00e8me de gestion est construit selon les exigences de la norme DIN ISO 9001:2015 et s&rsquo;oriente vers les exigences de nos clients.<\/span><\/h4>\n<h4><span style=\"color: #808080;\">Des structures et une r\u00e9partition des comp\u00e9tences claires, ainsi qu&rsquo;une hi\u00e9rarchie d&rsquo;entreprise l\u00e9g\u00e8re nous permettent de r\u00e9agir de mani\u00e8re flexible aux d\u00e9fis existants.<\/span><\/h4>\n<h4><span style=\"color: #808080;\">Si vous avez des questions sur notre syst\u00e8me de gestion de la qualit\u00e9 ou si vous avez besoin d&rsquo;informations suppl\u00e9mentaires dans le cadre d&rsquo;une \u00e9valuation de fournisseur, n&rsquo;h\u00e9sitez pas \u00e0 prendre contact avec nous.<br \/>\nVous pouvez t\u00e9l\u00e9charger notre certificat ici.<\/span><\/h4>\n<p><a href=\"https:\/\/comline-elektronik.de\/wp-content\/uploads\/2022\/08\/ISO9001_2015.pdf\">Certificat ISO 9001 2015<\/a><\/p>\n<div class=\"gap\" style=\"line-height: 40px; height: 40px;\"><\/div>[\/vc_column_text][vc_column_text]<\/p>\n<h2>Environnement<\/h2>\n<p>[\/vc_column_text][vc_column_text]<\/p>\n<h4><span style=\"color: #808080;\">L&rsquo;ensemble du concept de b\u00e2timent de notre usine de Waidhaus est con\u00e7u pour \u00eatre efficace sur le plan \u00e9nerg\u00e9tique et pr\u00e9server les ressources.<\/span><\/h4>\n<h3>Photovolta\u00efque<\/h3>\n<h4><span style=\"color: #808080;\">Le toit est \u00e9quip\u00e9 d&rsquo;une installation photovolta\u00efque de 73KWpeak.<br \/>\nNotre b\u00e2timent d&rsquo;entreprise produit ainsi de l&rsquo;\u00e9lectricit\u00e9 \u00e9cologique \u00e0 partir de l&rsquo;\u00e9nergie solaire.<\/span><\/h4>\n<h3>Chauffage<\/h3>\n<h4><span style=\"color: #808080;\">Notre chauffage aux copeaux de bois, associ\u00e9 \u00e0 un chauffage au sol efficace, contribue \u00e0 une utilisation de l&rsquo;\u00e9nergie efficace et respectueuse de l&rsquo;environnement.<\/span><\/h4>\n<div class=\"gap\" style=\"line-height: 40px; height: 40px;\"><\/div>[\/vc_column_text][vc_column_text]<\/p>\n<h2>Sites<\/h2>\n<p>[\/vc_column_text][\/vc_column][\/vc_row][vc_row margin_bottom=\u00a0\u00bb80px\u00a0\u00bb][vc_column width=\u00a0\u00bb1\/3&Prime;][vc_column_text]<\/p>\n<h3 style=\"text-align: right;\">Usine de Wackersdorf (si\u00e8ge social)<\/h3>\n<h4 style=\"text-align: right;\"><span style=\"color: #808080;\"><br \/>\nComline Elektronik Elektrotechnik GmbH<br \/>\nKarl-Rapp-Stra\u00dfe 1<br \/>\n92442 Wackersdorf<br \/>\nAllemagne<\/span><\/h4>\n<p style=\"text-align: right;\"><strong>E-Mail<\/strong> comline[at]comline-elektronik.de<br \/>\n<strong>T\u00e9l\u00e9phone<\/strong> +49 9431 75650<br \/>\n<strong>Fax<\/strong> +49 9431 756525<\/p>\n<p style=\"text-align: right;\"><div class=\"gap\" style=\"line-height: 40px; height: 40px;\"><\/div>\n<p>[\/vc_column_text][\/vc_column][vc_column width=\u00a0\u00bb2\/3&Prime;][vc_gmaps link=\u00a0\u00bb#E-8_JTNDaWZyYW1lJTIwc3JjJTNEJTIyaHR0cHMlM0ElMkYlMkZ3d3cuZ29vZ2xlLmNvbSUyRm1hcHMlMkZlbWJlZCUzRnBiJTNEJTIxMW0xNCUyMTFtOCUyMTFtMyUyMTFkNjY2MTM1LjUwMzE3MTcwMzIlMjEyZDExLjU4MTc5NTIyMjY1NjI1NiUyMTNkNDkuMjkzNjAzOTQ0Mzc4MDklMjEzbTIlMjExaTEwMjQlMjEyaTc2OCUyMTRmMTMuMSUyMTNtMyUyMTFtMiUyMTFzMHgwJTI1M0EweDE4ZDYxYTEwM2U0OGVlMTMlMjEyc0NvbWxpbmUlMjUyMEVsZWt0cm9uaWstRWxla3Ryb3RlY2huaWslMjUyMEdtYkglMjE1ZTAlMjEzbTIlMjExc2RlJTIxMnNkZSUyMTR2MTY2Njc2OTM5NzUxMSUyMTVtMiUyMTFzZGUlMjEyc2RlJTIyJTIwd2lkdGglM0QlMjI2MDAlMjIlMjBoZWlnaHQlM0QlMjI0NTAlMjIlMjBzdHlsZSUzRCUyMmJvcmRlciUzQTAlM0IlMjIlMjBhbGxvd2Z1bGxzY3JlZW4lM0QlMjIlMjIlMjBsb2FkaW5nJTNEJTIybGF6eSUyMiUyMHJlZmVycmVycG9saWN5JTNEJTIybm8tcmVmZXJyZXItd2hlbi1kb3duZ3JhZGUlMjIlM0UlM0MlMkZpZnJhbWUlM0U=\u00a0\u00bb size=\u00a0\u00bb300&Prime;][\/vc_column][\/vc_row][vc_row margin_bottom=\u00a0\u00bb80px\u00a0\u00bb][vc_column width=\u00a0\u00bb1\/3&Prime;][vc_column_text]<\/p>\n<h3 style=\"text-align: right;\">Usine de Waidhaus<\/h3>\n<h4 style=\"text-align: right;\"><span style=\"color: #808080;\">M\/L\/D Montage<br \/>\nLogistik &amp; Dienstleistung GmbH<br \/>\nRaiffeisenstra\u00dfe 4<br \/>\n92726 Waidhaus<br \/>\nAllemagne<\/span><\/h4>\n<p style=\"text-align: right;\"><strong>E-Mail<\/strong> info[at]mld-montage.de<br \/>\n<strong>Web<\/strong> <a href=\"https:\/\/mld-montage.de\" target=\"_blank\" rel=\"noopener\">www.mld-montage.de<\/a><br \/>\n<strong>T\u00e9l\u00e9phone<\/strong> +49 9652 814790<br \/>\n<strong>Fax<\/strong> +49 9652 8147925<\/p>\n<p style=\"text-align: right;\"><div class=\"gap\" style=\"line-height: 40px; height: 40px;\"><\/div>\n<p>[\/vc_column_text][\/vc_column][vc_column width=\u00a0\u00bb2\/3&Prime;][vc_gmaps link=\u00a0\u00bb#E-8_JTNDaWZyYW1lJTIwc3JjJTNEJTIyaHR0cHMlM0ElMkYlMkZ3d3cuZ29vZ2xlLmNvbSUyRm1hcHMlMkZlbWJlZCUzRnBiJTNEJTIxMW0xOCUyMTFtMTIlMjExbTMlMjExZDQ5Njg5My4wMTk0NzUyMTMyNSUyMTJkMTIuMjAzNTg5MTE4MTMwNzMxJTIxM2Q0OS41NzU2ODMzNDA3MDkxMDUlMjEybTMlMjExZjAlMjEyZjAlMjEzZjAlMjEzbTIlMjExaTEwMjQlMjEyaTc2OCUyMTRmMTMuMSUyMTNtMyUyMTFtMiUyMTFzMHg0N2EwMTM1YzhkNTU2MDhkJTI1M0EweGRkMzNiODgyNmQ2NTAwZDUlMjEyc01MRCUyNTIwTW9udGFnZSUyNTIwTG9naXN0aWslMjUyMERpZW5zdGxlaXN0dW5nJTI1MjBHbWJIJTIxNWUwJTIxM20yJTIxMXNkZSUyMTJzZGUlMjE0djE2NjY3NjkyNzUyODclMjE1bTIlMjExc2RlJTIxMnNkZSUyMiUyMHdpZHRoJTNEJTIyNjAwJTIyJTIwaGVpZ2h0JTNEJTIyNDUwJTIyJTIwc3R5bGUlM0QlMjJib3JkZXIlM0EwJTNCJTIyJTIwYWxsb3dmdWxsc2NyZWVuJTNEJTIyJTIyJTIwbG9hZGluZyUzRCUyMmxhenklMjIlMjByZWZlcnJlcnBvbGljeSUzRCUyMm5vLXJlZmVycmVyLXdoZW4tZG93bmdyYWRlJTIyJTNFJTNDJTJGaWZyYW1lJTNF\u00a0\u00bb size=\u00a0\u00bb300&Prime;][\/vc_column][\/vc_row][vc_row margin_bottom=\u00a0\u00bb80px\u00a0\u00bb][vc_column width=\u00a0\u00bb1\/3&Prime;][vc_column_text]<\/p>\n<h3 style=\"text-align: right;\">Usine de R\u00e9publique tch\u00e8que<\/h3>\n<h4 style=\"text-align: right;\"><span style=\"color: #808080;\"><br \/>\nSeigerschmid \u2013 kabelov\u00e1 kompletace s.r.o<br \/>\nOstrov u Tachova 33<br \/>\nR\u00e9publique tch\u00e8que<\/span><\/h4>\n<p style=\"text-align: right;\"><strong>E-Mail<\/strong> info[at]seigerschmid.cz<br \/>\n<strong>Web<\/strong> <a href=\"https:\/\/seigerschmid.comline-elektronik.de\" target=\"_blank\" rel=\"noopener\">www.seigerschmid.com<\/a><br \/>\n<strong>T\u00e9l\u00e9phone<\/strong> +420 374 627 484<\/p>\n<p style=\"text-align: right;\"><div class=\"gap\" style=\"line-height: 40px; height: 40px;\"><\/div>\n<p>[\/vc_column_text][\/vc_column][vc_column width=\u00a0\u00bb2\/3&Prime;][vc_gmaps link=\u00a0\u00bb#E-8_JTNDaWZyYW1lJTIwc3JjJTNEJTIyaHR0cHMlM0ElMkYlMkZ3d3cuZ29vZ2xlLmNvbSUyRm1hcHMlMkZlbWJlZCUzRnBiJTNEJTIxMW0xOCUyMTFtMTIlMjExbTMlMjExZDcxODExMC44ODU0MzgyMzQ1JTIxMmQxMi4yNjQwNzM2ODY1MDcxNDQlMjEzZDQ5LjcxNTU2Njk5MjQ1MTY3JTIxMm0zJTIxMWYwJTIxMmYwJTIxM2YwJTIxM20yJTIxMWkxMDI0JTIxMmk3NjglMjE0ZjEzLjElMjEzbTMlMjExbTIlMjExczB4NDdhMDc2NDcwZDg3MjUyNyUyNTNBMHg2Mjc5YWViNjk0NmNlMDJkJTIxMnNPc3Ryb3YlMjUyMDMzJTI1MkMlMjUyMDM0OCUyNTIwMDIlMjUyMEJvciUyNTJDJTI1MjBUc2NoZWNoaWVuJTIxNWUwJTIxM20yJTIxMXNkZSUyMTJzZGUlMjE0djE2Njc1NTY1OTA2NDAlMjE1bTIlMjExc2RlJTIxMnNkZSUyMiUyMHdpZHRoJTNEJTIyNjAwJTIyJTIwaGVpZ2h0JTNEJTIyNDUwJTIyJTIwc3R5bGUlM0QlMjJib3JkZXIlM0EwJTNCJTIyJTIwYWxsb3dmdWxsc2NyZWVuJTNEJTIyJTIyJTIwbG9hZGluZyUzRCUyMmxhenklMjIlMjByZWZlcnJlcnBvbGljeSUzRCUyMm5vLXJlZmVycmVyLXdoZW4tZG93bmdyYWRlJTIyJTNFJTNDJTJGaWZyYW1lJTNF\u00a0\u00bb size=\u00a0\u00bb300&Prime;][\/vc_column][\/vc_row][vc_row margin_bottom=\u00a0\u00bb80px\u00a0\u00bb][vc_column width=\u00a0\u00bb1\/3&Prime;][vc_column_text]<\/p>\n<h3 style=\"text-align: right;\">Usine Slovaquie<\/h3>\n<h4 style=\"text-align: right;\"><span style=\"color: #808080;\">Comline Elektronik s.r.o.<br \/>\nPriemyseln\u00e1 1054\/14<br \/>\nMichalovce 071 01<br \/>\nSlovaquie<\/span><\/h4>\n<p style=\"text-align: right;\"><strong>E-Mail<\/strong> info[at]comline-elektronik.sk<br \/>\n<strong>Web<\/strong> <a href=\"https:\/\/sk.comline-elektronik.de\" target=\"_blank\" rel=\"noopener\">www.comline-elektronik.sk<\/a><br \/>\n<strong>T\u00e9l\u00e9phone<\/strong> +421 56 3211320<\/p>\n<p style=\"text-align: right;\"><div class=\"gap\" style=\"line-height: 40px; height: 40px;\"><\/div>\n<p>[\/vc_column_text][\/vc_column][vc_column width=\u00a0\u00bb2\/3&Prime;][vc_gmaps link=\u00a0\u00bb#E-8_JTNDaWZyYW1lJTIwc3JjJTNEJTIyaHR0cHMlM0ElMkYlMkZ3d3cuZ29vZ2xlLmNvbSUyRm1hcHMlMkZlbWJlZCUzRnBiJTNEJTIxMW0xOCUyMTFtMTIlMjExbTMlMjExZDIyODE0MTguODA3MTIzOTcwNyUyMTJkMjAuMDc2MjgyOTEzNzE1MyUyMTNkNDguNjgxOTI4NTgwMDg2NDIlMjEybTMlMjExZjAlMjEyZjAlMjEzZjAlMjEzbTIlMjExaTEwMjQlMjEyaTc2OCUyMTRmMTMuMSUyMTNtMyUyMTFtMiUyMTFzMHg0NzM5MzM4YjdjODUxNGM5JTI1M0EweGZiNTJmN2RkOTNjYjU1OWUlMjEyc0NvbWxpbmUlMjUyMEVsZWt0cm9uaWslMjUyMHMuci5vLiUyMTVlMCUyMTNtMiUyMTFzZGUlMjEyc2RlJTIxNHYxNjY2NzY4OTk0MjAwJTIxNW0yJTIxMXNkZSUyMTJzZGUlMjIlMjB3aWR0aCUzRCUyMjYwMCUyMiUyMGhlaWdodCUzRCUyMjQ1MCUyMiUyMHN0eWxlJTNEJTIyYm9yZGVyJTNBMCUzQiUyMiUyMGFsbG93ZnVsbHNjcmVlbiUzRCUyMiUyMiUyMGxvYWRpbmclM0QlMjJsYXp5JTIyJTIwcmVmZXJyZXJwb2xpY3klM0QlMjJuby1yZWZlcnJlci13aGVuLWRvd25ncmFkZSUyMiUzRSUzQyUyRmlmcmFtZSUzRQ==\u00a0\u00bb size=\u00a0\u00bb300&Prime;][\/vc_column][\/vc_row]<\/p>\n<\/div>","protected":false},"excerpt":{"rendered":"<p>[vc_row margin_bottom=\u00a0\u00bb0px\u00a0\u00bb css=\u00a0\u00bb.vc_custom_1531212826179{margin-bottom: 80px !important;}\u00a0\u00bb][vc_column width=\u00a0\u00bb1\/3&Prime;][\/vc_column][vc_column width=\u00a0\u00bb2\/3&Prime;][vc_column_text] Charte [\/vc_column_text][\/vc_column][\/vc_row][vc_row margin_bottom=\u00a0\u00bb0px\u00a0\u00bb css=\u00a0\u00bb.vc_custom_1531212826179{margin-bottom: 80px !important;}\u00a0\u00bb][vc_column width=\u00a0\u00bb1\/3&Prime;][vc_single_image image=\u00a0\u00bb2858&Prime; img_size=\u00a0\u00bblarge\u00a0\u00bb alignment=\u00a0\u00bbright\u00a0\u00bb][\/vc_column][vc_column width=\u00a0\u00bb2\/3&Prime;][vc_column_text] Depuis 1990, Comline produit des faisceaux de c\u00e2bles et des composants de haute qualit\u00e9, m\u00eame pour les exigences les plus s\u00e9v\u00e8res \u2013 dans la construction automobile et m\u00e9canique et dans les applications industrielles. En tant que fournisseur&hellip;<\/p>\n","protected":false},"author":2,"featured_media":0,"parent":0,"menu_order":0,"comment_status":"closed","ping_status":"closed","template":"","meta":{"footnotes":""},"class_list":["post-3391","page","type-page","status-publish","hentry","description-off"],"yoast_head":"<!-- This site is optimized with the Yoast SEO plugin v27.4 - https:\/\/yoast.com\/product\/yoast-seo-wordpress\/ -->\n<title>\u00c0 propos de nous - Comline Elektronik Elektrotechnik<\/title>\n<meta name=\"robots\" content=\"index, follow, max-snippet:-1, max-image-preview:large, max-video-preview:-1\" \/>\n<link rel=\"canonical\" href=\"https:\/\/comline-elektronik.de\/fr\/a-propos-de-nous\/\" \/>\n<meta property=\"og:locale\" content=\"fr_FR\" \/>\n<meta property=\"og:type\" content=\"article\" \/>\n<meta property=\"og:title\" content=\"\u00c0 propos de nous - Comline Elektronik Elektrotechnik\" \/>\n<meta property=\"og:description\" content=\"[vc_row margin_bottom=\u00a0\u00bb0px\u00a0\u00bb css=\u00a0\u00bb.vc_custom_1531212826179{margin-bottom: 80px !important;}\u00a0\u00bb][vc_column width=\u00a0\u00bb1\/3&Prime;][\/vc_column][vc_column width=\u00a0\u00bb2\/3&Prime;][vc_column_text] Charte [\/vc_column_text][\/vc_column][\/vc_row][vc_row margin_bottom=\u00a0\u00bb0px\u00a0\u00bb css=\u00a0\u00bb.vc_custom_1531212826179{margin-bottom: 80px !important;}\u00a0\u00bb][vc_column width=\u00a0\u00bb1\/3&Prime;][vc_single_image image=\u00a0\u00bb2858&Prime; img_size=\u00a0\u00bblarge\u00a0\u00bb alignment=\u00a0\u00bbright\u00a0\u00bb][\/vc_column][vc_column width=\u00a0\u00bb2\/3&Prime;][vc_column_text] Depuis 1990, Comline produit des faisceaux de c\u00e2bles et des composants de haute qualit\u00e9, m\u00eame pour les exigences les plus s\u00e9v\u00e8res \u2013 dans la construction automobile et m\u00e9canique et dans les applications industrielles. En tant que fournisseur&hellip;\" \/>\n<meta property=\"og:url\" content=\"https:\/\/comline-elektronik.de\/fr\/a-propos-de-nous\/\" \/>\n<meta property=\"og:site_name\" content=\"Comline Elektronik Elektrotechnik\" \/>\n<meta property=\"article:modified_time\" content=\"2025-04-03T08:45:55+00:00\" \/>\n<meta name=\"twitter:card\" content=\"summary_large_image\" \/>\n<meta name=\"twitter:label1\" content=\"Dur\u00e9e de lecture estim\u00e9e\" \/>\n\t<meta name=\"twitter:data1\" content=\"5 minutes\" \/>\n<script type=\"application\/ld+json\" class=\"yoast-schema-graph\">{\"@context\":\"https:\\\/\\\/schema.org\",\"@graph\":[{\"@type\":\"WebPage\",\"@id\":\"https:\\\/\\\/comline-elektronik.de\\\/fr\\\/a-propos-de-nous\\\/\",\"url\":\"https:\\\/\\\/comline-elektronik.de\\\/fr\\\/a-propos-de-nous\\\/\",\"name\":\"\u00c0 propos de nous - Comline Elektronik Elektrotechnik\",\"isPartOf\":{\"@id\":\"https:\\\/\\\/comline-elektronik.de\\\/#website\"},\"datePublished\":\"2022-11-03T15:02:37+00:00\",\"dateModified\":\"2025-04-03T08:45:55+00:00\",\"breadcrumb\":{\"@id\":\"https:\\\/\\\/comline-elektronik.de\\\/fr\\\/a-propos-de-nous\\\/#breadcrumb\"},\"inLanguage\":\"fr-FR\",\"potentialAction\":[{\"@type\":\"ReadAction\",\"target\":[\"https:\\\/\\\/comline-elektronik.de\\\/fr\\\/a-propos-de-nous\\\/\"]}]},{\"@type\":\"BreadcrumbList\",\"@id\":\"https:\\\/\\\/comline-elektronik.de\\\/fr\\\/a-propos-de-nous\\\/#breadcrumb\",\"itemListElement\":[{\"@type\":\"ListItem\",\"position\":1,\"name\":\"Startseite\",\"item\":\"https:\\\/\\\/comline-elektronik.de\\\/fr\\\/\"},{\"@type\":\"ListItem\",\"position\":2,\"name\":\"\u00c0 propos de nous\"}]},{\"@type\":\"WebSite\",\"@id\":\"https:\\\/\\\/comline-elektronik.de\\\/#website\",\"url\":\"https:\\\/\\\/comline-elektronik.de\\\/\",\"name\":\"Comline Elektronik Elektrotechnik\",\"description\":\"Kabelsysteme | MIR-Spektrometer\",\"potentialAction\":[{\"@type\":\"SearchAction\",\"target\":{\"@type\":\"EntryPoint\",\"urlTemplate\":\"https:\\\/\\\/comline-elektronik.de\\\/?s={search_term_string}\"},\"query-input\":{\"@type\":\"PropertyValueSpecification\",\"valueRequired\":true,\"valueName\":\"search_term_string\"}}],\"inLanguage\":\"fr-FR\"}]}<\/script>\n<!-- \/ Yoast SEO plugin. -->","yoast_head_json":{"title":"\u00c0 propos de nous - Comline Elektronik Elektrotechnik","robots":{"index":"index","follow":"follow","max-snippet":"max-snippet:-1","max-image-preview":"max-image-preview:large","max-video-preview":"max-video-preview:-1"},"canonical":"https:\/\/comline-elektronik.de\/fr\/a-propos-de-nous\/","og_locale":"fr_FR","og_type":"article","og_title":"\u00c0 propos de nous - Comline Elektronik Elektrotechnik","og_description":"[vc_row margin_bottom=\u00a0\u00bb0px\u00a0\u00bb css=\u00a0\u00bb.vc_custom_1531212826179{margin-bottom: 80px !important;}\u00a0\u00bb][vc_column width=\u00a0\u00bb1\/3&Prime;][\/vc_column][vc_column width=\u00a0\u00bb2\/3&Prime;][vc_column_text] Charte [\/vc_column_text][\/vc_column][\/vc_row][vc_row margin_bottom=\u00a0\u00bb0px\u00a0\u00bb css=\u00a0\u00bb.vc_custom_1531212826179{margin-bottom: 80px !important;}\u00a0\u00bb][vc_column width=\u00a0\u00bb1\/3&Prime;][vc_single_image image=\u00a0\u00bb2858&Prime; img_size=\u00a0\u00bblarge\u00a0\u00bb alignment=\u00a0\u00bbright\u00a0\u00bb][\/vc_column][vc_column width=\u00a0\u00bb2\/3&Prime;][vc_column_text] Depuis 1990, Comline produit des faisceaux de c\u00e2bles et des composants de haute qualit\u00e9, m\u00eame pour les exigences les plus s\u00e9v\u00e8res \u2013 dans la construction automobile et m\u00e9canique et dans les applications industrielles. En tant que fournisseur&hellip;","og_url":"https:\/\/comline-elektronik.de\/fr\/a-propos-de-nous\/","og_site_name":"Comline Elektronik Elektrotechnik","article_modified_time":"2025-04-03T08:45:55+00:00","twitter_card":"summary_large_image","twitter_misc":{"Dur\u00e9e de lecture estim\u00e9e":"5 minutes"},"schema":{"@context":"https:\/\/schema.org","@graph":[{"@type":"WebPage","@id":"https:\/\/comline-elektronik.de\/fr\/a-propos-de-nous\/","url":"https:\/\/comline-elektronik.de\/fr\/a-propos-de-nous\/","name":"\u00c0 propos de nous - Comline Elektronik Elektrotechnik","isPartOf":{"@id":"https:\/\/comline-elektronik.de\/#website"},"datePublished":"2022-11-03T15:02:37+00:00","dateModified":"2025-04-03T08:45:55+00:00","breadcrumb":{"@id":"https:\/\/comline-elektronik.de\/fr\/a-propos-de-nous\/#breadcrumb"},"inLanguage":"fr-FR","potentialAction":[{"@type":"ReadAction","target":["https:\/\/comline-elektronik.de\/fr\/a-propos-de-nous\/"]}]},{"@type":"BreadcrumbList","@id":"https:\/\/comline-elektronik.de\/fr\/a-propos-de-nous\/#breadcrumb","itemListElement":[{"@type":"ListItem","position":1,"name":"Startseite","item":"https:\/\/comline-elektronik.de\/fr\/"},{"@type":"ListItem","position":2,"name":"\u00c0 propos de nous"}]},{"@type":"WebSite","@id":"https:\/\/comline-elektronik.de\/#website","url":"https:\/\/comline-elektronik.de\/","name":"Comline Elektronik Elektrotechnik","description":"Kabelsysteme | MIR-Spektrometer","potentialAction":[{"@type":"SearchAction","target":{"@type":"EntryPoint","urlTemplate":"https:\/\/comline-elektronik.de\/?s={search_term_string}"},"query-input":{"@type":"PropertyValueSpecification","valueRequired":true,"valueName":"search_term_string"}}],"inLanguage":"fr-FR"}]}},"jetpack_shortlink":"https:\/\/wp.me\/P9txgi-SH","jetpack_sharing_enabled":true,"_links":{"self":[{"href":"https:\/\/comline-elektronik.de\/fr\/wp-json\/wp\/v2\/pages\/3391","targetHints":{"allow":["GET"]}}],"collection":[{"href":"https:\/\/comline-elektronik.de\/fr\/wp-json\/wp\/v2\/pages"}],"about":[{"href":"https:\/\/comline-elektronik.de\/fr\/wp-json\/wp\/v2\/types\/page"}],"author":[{"embeddable":true,"href":"https:\/\/comline-elektronik.de\/fr\/wp-json\/wp\/v2\/users\/2"}],"replies":[{"embeddable":true,"href":"https:\/\/comline-elektronik.de\/fr\/wp-json\/wp\/v2\/comments?post=3391"}],"version-history":[{"count":6,"href":"https:\/\/comline-elektronik.de\/fr\/wp-json\/wp\/v2\/pages\/3391\/revisions"}],"predecessor-version":[{"id":4114,"href":"https:\/\/comline-elektronik.de\/fr\/wp-json\/wp\/v2\/pages\/3391\/revisions\/4114"}],"wp:attachment":[{"href":"https:\/\/comline-elektronik.de\/fr\/wp-json\/wp\/v2\/media?parent=3391"}],"curies":[{"name":"wp","href":"https:\/\/api.w.org\/{rel}","templated":true}]}}