{"id":3373,"date":"2022-11-03T15:26:05","date_gmt":"2022-11-03T14:26:05","guid":{"rendered":"https:\/\/comline-elektronik.de\/portail-des-lanceurs-dalerte\/"},"modified":"2025-04-03T12:12:59","modified_gmt":"2025-04-03T10:12:59","slug":"portail-des-lanceurs-dalerte","status":"publish","type":"page","link":"https:\/\/comline-elektronik.de\/fr\/portail-des-lanceurs-dalerte\/","title":{"rendered":"Portail des lanceurs d&rsquo;alerte"},"content":{"rendered":"<div class=\"wpb-content-wrapper\"><p>[vc_row][vc_column][vc_column_text]<\/p>\n<h1>Mise en place d&rsquo;un syst\u00e8me de d\u00e9nonciation anonyme<\/h1>\n<p>La soci\u00e9t\u00e9 Comline Elektronik Elektrotechnik GmbH \u2013 ci-apr\u00e8s d\u00e9nomm\u00e9e Comline \u2013 met \u00e0 votre disposition, en tant que whistleblower, un canal de signalement s\u00e9curis\u00e9. Selon la loi sur la protection des d\u00e9nonciateurs (HinSchG), ce terme d\u00e9signe un syst\u00e8me qui vous permet de fournir des informations anonymes en toute confidentialit\u00e9.<\/p>\n<p>Dans ce contexte, la confidentialit\u00e9 signifie qu'\u00a0\u00bbun canal de signalement est con\u00e7u, mis en place et exploit\u00e9 de mani\u00e8re s\u00e9curis\u00e9e afin de pr\u00e9server la confidentialit\u00e9 de l&rsquo;identit\u00e9 du lanceur d&rsquo;alerte (whistleblower) et des tiers mentionn\u00e9s dans son signalement\u00a0\u00bb. La confidentialit\u00e9 d&rsquo;un lanceur d&rsquo;alerte doit \u00eatre garantie, il ne doit pas subir de repr\u00e9sailles, de discrimination ou de d\u00e9savantage en raison d&rsquo;un signalement.<\/p>\n<p><strong>Vous souhaitez attirer l&rsquo;attention sur d&rsquo;\u00e9ventuels dysfonctionnements de mani\u00e8re simple, vous avez des suggestions ou des plaintes \u00e0 formuler, mais vous souhaitez rester anonyme?<\/strong><\/p>\n<p>Les employ\u00e9s et toute autre personne int\u00e9ress\u00e9e peuvent signaler tout incident ou infraction de mani\u00e8re confidentielle, sans \u00eatre poursuivis. Afin de les prot\u00e9ger, eux et leurs informations, cela se fait en les transf\u00e9rant vers une plateforme externe et s\u00e9curis\u00e9e.<\/p>\n<p>Sauf accord explicite de votre part, votre identit\u00e9 et vos donn\u00e9es personnelles ne sont ni collect\u00e9es ni enregistr\u00e9es dans le cadre de votre avis.<\/p>\n<p>Le contenu de votre message envoy\u00e9 de mani\u00e8re confidentielle sera transmis \u00e0 Comline de mani\u00e8re anonyme par le portail de d\u00e9nonciation utilis\u00e9, mais en aucun cas avec des informations sur votre identit\u00e9.[\/vc_column_text][vc_btn title=\u00a0\u00bbVers le portail des lanceurs d&rsquo;alerte\u00a0\u00bb link=\u00a0\u00bburl:https%3A%2F%2Fwww.vertraulichmelden.de%2Fcomline%2F|target:_blank|\u00a0\u00bb][vc_column_text css=\u00a0\u00bb.vc_custom_1653897960261{margin-top: 20px !important;}\u00a0\u00bb]Informations sur le portail de d\u00e9nonciation externe mandat\u00e9 par Comline en tant que prestataire de services:[\/vc_column_text][\/vc_column][\/vc_row][vc_row margin_bottom=\u00a0\u00bb50px\u00a0\u00bb css=\u00a0\u00bb.vc_custom_1667472150286{margin-bottom: 20px !important;}\u00a0\u00bb][vc_column width=\u00a0\u00bb1\/3&Prime;][vc_column_text]<strong>vertraulichmelden.de<\/strong><br \/>\nThomas Schie\u00dfl<br \/>\nUntere Ringstrasse 26, 94347 Ascha<br \/>\nAllemagne<br \/>\nT\u00e9l\u00e9phone: +49 (0)1 71 \u2013 1 46 28 86<br \/>\nE-Mail: kontakt@vertraulichmelden.de[\/vc_column_text][\/vc_column][vc_column width=\u00a0\u00bb1\/3&Prime;][vc_column_text]Vous trouverez des informations plus d\u00e9taill\u00e9es &#8211; par exemple sur le fonctionnement et l&rsquo;anonymat du syst\u00e8me de signalement, sur la protection des donn\u00e9es ou sur vos droits en tant que d\u00e9nonciateur \u2013 dans les indications de l&rsquo;exploitant du portail de signalement sur le site Internet li\u00e9.[\/vc_column_text][\/vc_column][vc_column width=\u00a0\u00bb1\/3&Prime;][vc_single_image image=\u00a0\u00bb3280&Prime; img_size=\u00a0\u00bb300&#215;138&Prime; alignment=\u00a0\u00bbcenter\u00a0\u00bb onclick=\u00a0\u00bbcustom_link\u00a0\u00bb link=\u00a0\u00bbhttps:\/\/www.vertraulichmelden.de\/\u00a0\u00bb][\/vc_column][\/vc_row]<\/p>\n<\/div>","protected":false},"excerpt":{"rendered":"<p>[vc_row][vc_column][vc_column_text] Mise en place d&rsquo;un syst\u00e8me de d\u00e9nonciation anonyme La soci\u00e9t\u00e9 Comline Elektronik Elektrotechnik GmbH \u2013 ci-apr\u00e8s d\u00e9nomm\u00e9e Comline \u2013 met \u00e0 votre disposition, en tant que whistleblower, un canal de signalement s\u00e9curis\u00e9. Selon la loi sur la protection des d\u00e9nonciateurs (HinSchG), ce terme d\u00e9signe un syst\u00e8me qui vous permet de fournir des informations anonymes&hellip;<\/p>\n","protected":false},"author":1,"featured_media":0,"parent":0,"menu_order":0,"comment_status":"closed","ping_status":"closed","template":"","meta":{"footnotes":""},"class_list":["post-3373","page","type-page","status-publish","hentry","description-off"],"yoast_head":"<!-- This site is optimized with the Yoast SEO plugin v27.4 - https:\/\/yoast.com\/product\/yoast-seo-wordpress\/ -->\n<title>Portail des lanceurs d&#039;alerte - Comline Elektronik Elektrotechnik<\/title>\n<meta name=\"robots\" content=\"index, follow, max-snippet:-1, max-image-preview:large, max-video-preview:-1\" \/>\n<link rel=\"canonical\" href=\"https:\/\/comline-elektronik.de\/fr\/portail-des-lanceurs-dalerte\/\" \/>\n<meta property=\"og:locale\" content=\"fr_FR\" \/>\n<meta property=\"og:type\" content=\"article\" \/>\n<meta property=\"og:title\" content=\"Portail des lanceurs d&#039;alerte - Comline Elektronik Elektrotechnik\" \/>\n<meta property=\"og:description\" content=\"[vc_row][vc_column][vc_column_text] Mise en place d&rsquo;un syst\u00e8me de d\u00e9nonciation anonyme La soci\u00e9t\u00e9 Comline Elektronik Elektrotechnik GmbH \u2013 ci-apr\u00e8s d\u00e9nomm\u00e9e Comline \u2013 met \u00e0 votre disposition, en tant que whistleblower, un canal de signalement s\u00e9curis\u00e9. Selon la loi sur la protection des d\u00e9nonciateurs (HinSchG), ce terme d\u00e9signe un syst\u00e8me qui vous permet de fournir des informations anonymes&hellip;\" \/>\n<meta property=\"og:url\" content=\"https:\/\/comline-elektronik.de\/fr\/portail-des-lanceurs-dalerte\/\" \/>\n<meta property=\"og:site_name\" content=\"Comline Elektronik Elektrotechnik\" \/>\n<meta property=\"article:modified_time\" content=\"2025-04-03T10:12:59+00:00\" \/>\n<meta name=\"twitter:card\" content=\"summary_large_image\" \/>\n<meta name=\"twitter:label1\" content=\"Dur\u00e9e de lecture estim\u00e9e\" \/>\n\t<meta name=\"twitter:data1\" content=\"3 minutes\" \/>\n<script type=\"application\/ld+json\" class=\"yoast-schema-graph\">{\"@context\":\"https:\\\/\\\/schema.org\",\"@graph\":[{\"@type\":\"WebPage\",\"@id\":\"https:\\\/\\\/comline-elektronik.de\\\/fr\\\/portail-des-lanceurs-dalerte\\\/\",\"url\":\"https:\\\/\\\/comline-elektronik.de\\\/fr\\\/portail-des-lanceurs-dalerte\\\/\",\"name\":\"Portail des lanceurs d'alerte - Comline Elektronik Elektrotechnik\",\"isPartOf\":{\"@id\":\"https:\\\/\\\/comline-elektronik.de\\\/#website\"},\"datePublished\":\"2022-11-03T14:26:05+00:00\",\"dateModified\":\"2025-04-03T10:12:59+00:00\",\"breadcrumb\":{\"@id\":\"https:\\\/\\\/comline-elektronik.de\\\/fr\\\/portail-des-lanceurs-dalerte\\\/#breadcrumb\"},\"inLanguage\":\"fr-FR\",\"potentialAction\":[{\"@type\":\"ReadAction\",\"target\":[\"https:\\\/\\\/comline-elektronik.de\\\/fr\\\/portail-des-lanceurs-dalerte\\\/\"]}]},{\"@type\":\"BreadcrumbList\",\"@id\":\"https:\\\/\\\/comline-elektronik.de\\\/fr\\\/portail-des-lanceurs-dalerte\\\/#breadcrumb\",\"itemListElement\":[{\"@type\":\"ListItem\",\"position\":1,\"name\":\"Startseite\",\"item\":\"https:\\\/\\\/comline-elektronik.de\\\/fr\\\/\"},{\"@type\":\"ListItem\",\"position\":2,\"name\":\"Portail des lanceurs d&#8217;alerte\"}]},{\"@type\":\"WebSite\",\"@id\":\"https:\\\/\\\/comline-elektronik.de\\\/#website\",\"url\":\"https:\\\/\\\/comline-elektronik.de\\\/\",\"name\":\"Comline Elektronik Elektrotechnik\",\"description\":\"Kabelsysteme | MIR-Spektrometer\",\"potentialAction\":[{\"@type\":\"SearchAction\",\"target\":{\"@type\":\"EntryPoint\",\"urlTemplate\":\"https:\\\/\\\/comline-elektronik.de\\\/?s={search_term_string}\"},\"query-input\":{\"@type\":\"PropertyValueSpecification\",\"valueRequired\":true,\"valueName\":\"search_term_string\"}}],\"inLanguage\":\"fr-FR\"}]}<\/script>\n<!-- \/ Yoast SEO plugin. -->","yoast_head_json":{"title":"Portail des lanceurs d'alerte - Comline Elektronik Elektrotechnik","robots":{"index":"index","follow":"follow","max-snippet":"max-snippet:-1","max-image-preview":"max-image-preview:large","max-video-preview":"max-video-preview:-1"},"canonical":"https:\/\/comline-elektronik.de\/fr\/portail-des-lanceurs-dalerte\/","og_locale":"fr_FR","og_type":"article","og_title":"Portail des lanceurs d'alerte - Comline Elektronik Elektrotechnik","og_description":"[vc_row][vc_column][vc_column_text] Mise en place d&rsquo;un syst\u00e8me de d\u00e9nonciation anonyme La soci\u00e9t\u00e9 Comline Elektronik Elektrotechnik GmbH \u2013 ci-apr\u00e8s d\u00e9nomm\u00e9e Comline \u2013 met \u00e0 votre disposition, en tant que whistleblower, un canal de signalement s\u00e9curis\u00e9. Selon la loi sur la protection des d\u00e9nonciateurs (HinSchG), ce terme d\u00e9signe un syst\u00e8me qui vous permet de fournir des informations anonymes&hellip;","og_url":"https:\/\/comline-elektronik.de\/fr\/portail-des-lanceurs-dalerte\/","og_site_name":"Comline Elektronik Elektrotechnik","article_modified_time":"2025-04-03T10:12:59+00:00","twitter_card":"summary_large_image","twitter_misc":{"Dur\u00e9e de lecture estim\u00e9e":"3 minutes"},"schema":{"@context":"https:\/\/schema.org","@graph":[{"@type":"WebPage","@id":"https:\/\/comline-elektronik.de\/fr\/portail-des-lanceurs-dalerte\/","url":"https:\/\/comline-elektronik.de\/fr\/portail-des-lanceurs-dalerte\/","name":"Portail des lanceurs d'alerte - Comline Elektronik Elektrotechnik","isPartOf":{"@id":"https:\/\/comline-elektronik.de\/#website"},"datePublished":"2022-11-03T14:26:05+00:00","dateModified":"2025-04-03T10:12:59+00:00","breadcrumb":{"@id":"https:\/\/comline-elektronik.de\/fr\/portail-des-lanceurs-dalerte\/#breadcrumb"},"inLanguage":"fr-FR","potentialAction":[{"@type":"ReadAction","target":["https:\/\/comline-elektronik.de\/fr\/portail-des-lanceurs-dalerte\/"]}]},{"@type":"BreadcrumbList","@id":"https:\/\/comline-elektronik.de\/fr\/portail-des-lanceurs-dalerte\/#breadcrumb","itemListElement":[{"@type":"ListItem","position":1,"name":"Startseite","item":"https:\/\/comline-elektronik.de\/fr\/"},{"@type":"ListItem","position":2,"name":"Portail des lanceurs d&#8217;alerte"}]},{"@type":"WebSite","@id":"https:\/\/comline-elektronik.de\/#website","url":"https:\/\/comline-elektronik.de\/","name":"Comline Elektronik Elektrotechnik","description":"Kabelsysteme | MIR-Spektrometer","potentialAction":[{"@type":"SearchAction","target":{"@type":"EntryPoint","urlTemplate":"https:\/\/comline-elektronik.de\/?s={search_term_string}"},"query-input":{"@type":"PropertyValueSpecification","valueRequired":true,"valueName":"search_term_string"}}],"inLanguage":"fr-FR"}]}},"jetpack_shortlink":"https:\/\/wp.me\/P9txgi-Sp","jetpack_sharing_enabled":true,"_links":{"self":[{"href":"https:\/\/comline-elektronik.de\/fr\/wp-json\/wp\/v2\/pages\/3373","targetHints":{"allow":["GET"]}}],"collection":[{"href":"https:\/\/comline-elektronik.de\/fr\/wp-json\/wp\/v2\/pages"}],"about":[{"href":"https:\/\/comline-elektronik.de\/fr\/wp-json\/wp\/v2\/types\/page"}],"author":[{"embeddable":true,"href":"https:\/\/comline-elektronik.de\/fr\/wp-json\/wp\/v2\/users\/1"}],"replies":[{"embeddable":true,"href":"https:\/\/comline-elektronik.de\/fr\/wp-json\/wp\/v2\/comments?post=3373"}],"version-history":[{"count":5,"href":"https:\/\/comline-elektronik.de\/fr\/wp-json\/wp\/v2\/pages\/3373\/revisions"}],"predecessor-version":[{"id":4141,"href":"https:\/\/comline-elektronik.de\/fr\/wp-json\/wp\/v2\/pages\/3373\/revisions\/4141"}],"wp:attachment":[{"href":"https:\/\/comline-elektronik.de\/fr\/wp-json\/wp\/v2\/media?parent=3373"}],"curies":[{"name":"wp","href":"https:\/\/api.w.org\/{rel}","templated":true}]}}