{"id":2479,"date":"2018-05-15T12:35:18","date_gmt":"2018-05-15T10:35:18","guid":{"rendered":"https:\/\/comline-elektronik.de\/?page_id=2479"},"modified":"2025-04-03T12:10:09","modified_gmt":"2025-04-03T10:10:09","slug":"informations-personnelles","status":"publish","type":"page","link":"https:\/\/comline-elektronik.de\/fr\/informations-personnelles\/","title":{"rendered":"Informations personnelles"},"content":{"rendered":"<div class=\"wpb-content-wrapper\"><p>[vc_row][vc_column][vc_column_text]<\/p>\n<h4>Datenschutz<\/h4>\n<p>Wir freuen uns \u00fcber Ihren Besuch auf unserer Website und \u00fcber Ihr Interesse an unserem Angebot. Wir wollen, dass Sie sich auf unserer Website wohlf\u00fchlen und sich keine Sorgen \u00fcber die Vertraulichkeit Ihrer Daten machen m\u00fcssen. Wir f\u00fchlen uns dem Datenschutz sehr verpflichtet und halten Transparenz im Umgang mit Ihren Daten f\u00fcr sehr wichtig. Darum m\u00f6chten wir Sie gerne dar\u00fcber informieren, welche Daten wir erheben, zu welchem Zweck wir dies tun und wie Sie jederzeit die Kontrolle \u00fcber Ihre Daten aus\u00fcben k\u00f6nnen.<\/p>\n<p>Sie k\u00f6nnen unsere Website nat\u00fcrlich besuchen, ohne Angaben \u00fcber Ihre Person zu machen oder zu hinterlassen. Die Datenschutzerkl\u00e4rung k\u00f6nnen Sie \u00fcber den Link am Fu\u00dfe jeder Seite aufrufen.<\/p>\n<p>Personenbezogene Daten sind Einzelangaben \u00fcber pers\u00f6nliche oder sachliche Verh\u00e4ltnisse einer bestimmten oder bestimmbaren nat\u00fcrlichen Person. Wir verwenden Ihre personenbezogenen Daten im Rahmen des Besuchs unserer Website nur zum Betrieb und zur Optimierung unserer Website. Zu diesem Zweck wird die IP-Adresse, diverse technische Daten des Endger\u00e4ts (z.B. Betriebssystem, verwendeter Browser usw.) sowie Daten \u00fcber die Nutzung unserer Website erfasst. Wir speichern diese Daten nicht \u00fcber die gesetzlichen Aufbewahrungsfristen hinaus. Diese Datenspeicherung erfolgt ohne Personenbezug, das hei\u00dft, die Daten sind anonym und erlauben keinerlei R\u00fcckschl\u00fcsse auf Ihre Identit\u00e4t. Diese Information werten wir statistisch aus um die Nutzung unserer Website f\u00fcr alle Besucher noch angenehmer zu gestalten. Eine Verkn\u00fcpfung mit evtl. bereits bei uns gespeicherten personenbezogenen Daten findet nicht statt.<\/p>\n<p>Bei allen Vorg\u00e4ngen der Datenverarbeitung, das hei\u00dft Datenerfassung, -speicherung und -nutzung, halten wir uns streng an die Anforderungen der europ\u00e4ischen Datenschutzgrundverordnung (Art. 13 Abs. 2 e EU-DSGVO). Personenbezogene Daten, die Sie uns anvertrauen, werden wir nie zu Marketingzwecken an Dritte verkaufen, vermieten oder Dritten \u00fcberlassen.<\/p>\n<p><strong>Kontaktformular<\/strong><br \/>\nBeim Ausf\u00fcllen des Kontaktformulars stellen Sie uns personenbezogene Daten zur Verf\u00fcgung. Wir k\u00f6nnen folgende Arten von Daten erheben: Namen, E-Mail-Adresse, Telefonnummer, Firma. Wir nutzen diese Daten lediglich zur Beantwortung Ihrer speziellen Anfrage oder Anforderung und zur Bereitstellung von Informationen. Um Ihre Daten zu sch\u00fctzen, verwenden wir, bei der \u00dcbertragung an uns, ein anerkanntes Verschl\u00fcsselungsverfahren. Wir werden Ihre pers\u00f6nlichen Daten f\u00fcr den Zeitraum aufbewahren, der notwendig ist, um die in dieser Erkl\u00e4rung beschriebenen Zwecke zu erf\u00fcllen.<\/p>\n<p><strong>Recht auf Berichtigung und L\u00f6schung<\/strong><br \/>\nNach Art. 16,17 EU-DSGVO haben Sie jederzeit die M\u00f6glichkeit Ihre bei uns gespeicherten Daten berichtigen oder l\u00f6schen zu lassen. Hierzu gen\u00fcgt eine formlose E-Mail an comline@comline-elektronik.de oder ein Brief an Comline Elektronik Elektrotechnik GmbH, Karl-Rapp-Stra\u00dfe 1, 92442 Wackersdorf.<\/p>\n<p>Wir werden Ihrem Wunsch unverz\u00fcglich nachkommen, weisen jedoch darauf hin, dass es in manchen F\u00e4llen (z.B. Versand von Newsletter) nicht immer m\u00f6glich ist, bereits laufende Aktionen zu stoppen, so dass es vorkommen kann, dass sie auch nach einem Widerruf Ihrerseits noch f\u00fcr einen kurzen Zeitraum Post oder E-Mail von uns bekommen. Wir bitten schon im Voraus, dies zu entschuldigen.<\/p>\n<p><strong>Auskunftsrecht<\/strong><br \/>\nNach Art. 15 EU-DSGVO k\u00f6nnen Sie jederzeit Auskunft dar\u00fcber erhalten, welche Daten wir \u00fcber Sie gespeichert haben, welchen Zweck die Datenverarbeitung hat und andere datenschutzrelevante Information. Sollten Sie eine solche Auskunft w\u00fcnschen, wenden Sie sich bitte an folgende Adresse: Comline Elektronik Elektrotechnik GmbH, Karl-Rapp-Stra\u00dfe 1, 92442 Wackersdorf.<\/p>\n<p><strong>Widerspruchsrecht<\/strong><br \/>\nNach Art. 21 EU-DSGVO haben Sie das Recht jederzeit gegen die Verarbeitung sie betreffender personenbezogener Daten Widerspruch einzulegen. Hierzu gen\u00fcgt eine formlose E-Mail an comline@comline-elektronik.de oder ein Brief an Comline Elektronik Elektrotechnik GmbH, Karl-Rapp-Stra\u00dfe 1, 92442 Wackersdorf.<\/p>\n<p><strong>Recht auf Beschwerde bei einer Aufsichtsbeh\u00f6rde<\/strong><br \/>\nSollten Sie der Ansicht sein, dass die Verarbeitung der sich betreffenden personenbezogenen Datgen gegem die EU-DSGVO vers\u00f6\u00dft, haben Sie das Recht auf Beschwerde bei einer Aufsichtsbeh\u00f6rde.<\/p>\n<p>Bayerisches Landesamt f\u00fcr Datenschutzaufsicht (BayLDA)<br \/>\nPromenade 27\u202891522 Ansbach<br \/>\nTelefon +49 (0) 981 53 1300<br \/>\nE-Mail poststelle@lda.bayern.de<\/p>\n<p><strong>Einsatz von Google Remarketing<\/strong><br \/>\nDiese Webseite verwendet die Remarketing-Funktion der Google Inc. Die Funktion dient dazu, Webseiten-Besuchern innerhalb des Google-Werbenetzwerks interessenbezogene Werbeanzeigen zu pr\u00e4sentieren. Im Browser des Webseiten-Besuchers wird ein sog. \u201eCookie\u201c gespeichert, das es erm\u00f6glicht, den Besucher wiederzuerkennen, wenn dieser Webseiten aufruft, die dem Werbenetzwerk von Google angeh\u00f6ren. Auf diesen Seiten k\u00f6nnen dem Besucher Werbeanzeigen pr\u00e4sentiert werden, die sich auf Inhalte beziehen, die der Besucher zuvor auf Webseiten aufgerufen hat, die die Remarketing-Funktion von Google verwenden.<\/p>\n<p>Nach eigenen Angaben erhebt Google bei diesem Vorgang keine personenbezogenen Daten. Sollten Sie die Funktion Remarketing von Google dennoch nicht w\u00fcnschen, k\u00f6nnen Sie diese grunds\u00e4tzlich deaktivieren, indem Sie die entsprechenden Einstellungen unter http:\/\/www.google.com\/settings\/adsvornehmen. Alternativ k\u00f6nnen Sie den Einsatz von Cookies f\u00fcr interessenbezogene Werbung \u00fcber die Werbenetzwerkinitiative deaktivieren, indem Sie den Anweisungen unter http:\/\/www.networkadvertising.org\/managing\/opt_out.asp folgen.<\/p>\n<p><strong>Cookies<\/strong><br \/>\nWir verwenden auf unserer Website zwei Arten von Cookies: Session Cookies und permanente Cookies. Damit Sie entscheiden k\u00f6nnen, ob Sie uns das erlauben, wollen wir Ihnen kurz den Zweck dieser Cookies erl\u00e4utern. Cookies sind kurze Textschnipsel, die wir auf Ihrem Computer speichern. Cookies f\u00fchren keine Befehle auf Ihrem Computer aus, stellen also kein Sicherheitsrisiko dar.<br \/>\nSession Cookies speichern gewisse Informationen, w\u00e4hrend Sie auf unserer Website browsen und werden nicht permanent gespeichert, sondern wieder gel\u00f6scht, wenn Sie unsere Website verlassen.<br \/>\nWir speichern auch ein permanentes Cookie auf Ihrem PC. Dieses Cookie enth\u00e4lt nur die Information, dass Sie bereits auf unserer Website waren. Diese Information ist f\u00fcr die Gestaltung unseres Angebots und unserer Werbemittel sehr wertvoll.<br \/>\nSie k\u00f6nnen die Handhabung von Cookies in Ihrem Browser selbst festlegen, sie k\u00f6nnen Cookies sogar ganz ablehnen oder Ihren Browser so konfigurieren, dass Cookies regelm\u00e4\u00dfig gel\u00f6scht werden. Hierzu finden Sie im Internet ausreichend Information.<\/p>\n<p><strong>Kinder<\/strong><br \/>\nWir legen allen Eltern und Aufsichtspersonen nahe, ihre Kinder in den sicheren und verantwortungsbewussten Umgang mit personenbezogenen Daten im Internet einzuweisen. Ohne Zustimmung der Eltern oder der Aufsichtsperson sollten Kinder keine personenbezogenen Daten an die Website \u00fcbermitteln! Wir versichern ihnen, personenbezogene Daten von Kindern nicht wissentlich zu sammeln und in irgendeiner Weise zu verwenden oder Dritten gegen\u00fcber unberechtigt offen zu legen.<\/p>\n<p><strong>Schlussbemerkung<\/strong><br \/>\nIhr Vertrauen ist uns sehr wichtig und wir bedanken uns daf\u00fcr. Wir hoffen, wir konnten Ihnen mit dieser kurzen Erkl\u00e4rung einen positiven Eindruck zum Thema Datenschutz vermitteln. Sollten Sie dennoch Fragen haben, k\u00f6nnen Sie sich gerne an unseren externen Datenschutzbeauftragten wenden:<\/p>\n<p>David Gabel<br \/>\nAm B\u00fcgerl 3<br \/>\n92431 Neunburg v. W.<br \/>\nE-Mail: david.gabel@audit27001.de[\/vc_column_text][\/vc_column][\/vc_row]<\/p>\n<\/div>","protected":false},"excerpt":{"rendered":"<p>[vc_row][vc_column][vc_column_text] Datenschutz Wir freuen uns \u00fcber Ihren Besuch auf unserer Website und \u00fcber Ihr Interesse an unserem Angebot. Wir wollen, dass Sie sich auf unserer Website wohlf\u00fchlen und sich keine Sorgen \u00fcber die Vertraulichkeit Ihrer Daten machen m\u00fcssen. Wir f\u00fchlen uns dem Datenschutz sehr verpflichtet und halten Transparenz im Umgang mit Ihren Daten f\u00fcr sehr&hellip;<\/p>\n","protected":false},"author":2,"featured_media":0,"parent":0,"menu_order":0,"comment_status":"closed","ping_status":"closed","template":"","meta":{"footnotes":""},"class_list":["post-2479","page","type-page","status-publish","hentry","description-off"],"yoast_head":"<!-- This site is optimized with the Yoast SEO plugin v27.4 - https:\/\/yoast.com\/product\/yoast-seo-wordpress\/ -->\n<title>Informations personnelles - Comline Elektronik Elektrotechnik<\/title>\n<meta name=\"robots\" content=\"index, follow, max-snippet:-1, max-image-preview:large, max-video-preview:-1\" \/>\n<link rel=\"canonical\" href=\"https:\/\/comline-elektronik.de\/fr\/informations-personnelles\/\" \/>\n<meta property=\"og:locale\" content=\"fr_FR\" \/>\n<meta property=\"og:type\" content=\"article\" \/>\n<meta property=\"og:title\" content=\"Informations personnelles - Comline Elektronik Elektrotechnik\" \/>\n<meta property=\"og:description\" content=\"[vc_row][vc_column][vc_column_text] Datenschutz Wir freuen uns \u00fcber Ihren Besuch auf unserer Website und \u00fcber Ihr Interesse an unserem Angebot. Wir wollen, dass Sie sich auf unserer Website wohlf\u00fchlen und sich keine Sorgen \u00fcber die Vertraulichkeit Ihrer Daten machen m\u00fcssen. Wir f\u00fchlen uns dem Datenschutz sehr verpflichtet und halten Transparenz im Umgang mit Ihren Daten f\u00fcr sehr&hellip;\" \/>\n<meta property=\"og:url\" content=\"https:\/\/comline-elektronik.de\/fr\/informations-personnelles\/\" \/>\n<meta property=\"og:site_name\" content=\"Comline Elektronik Elektrotechnik\" \/>\n<meta property=\"article:modified_time\" content=\"2025-04-03T10:10:09+00:00\" \/>\n<meta name=\"twitter:card\" content=\"summary_large_image\" \/>\n<meta name=\"twitter:label1\" content=\"Dur\u00e9e de lecture estim\u00e9e\" \/>\n\t<meta name=\"twitter:data1\" content=\"6 minutes\" \/>\n<script type=\"application\/ld+json\" class=\"yoast-schema-graph\">{\"@context\":\"https:\\\/\\\/schema.org\",\"@graph\":[{\"@type\":\"WebPage\",\"@id\":\"https:\\\/\\\/comline-elektronik.de\\\/fr\\\/informations-personnelles\\\/\",\"url\":\"https:\\\/\\\/comline-elektronik.de\\\/fr\\\/informations-personnelles\\\/\",\"name\":\"Informations personnelles - Comline Elektronik Elektrotechnik\",\"isPartOf\":{\"@id\":\"https:\\\/\\\/comline-elektronik.de\\\/#website\"},\"datePublished\":\"2018-05-15T10:35:18+00:00\",\"dateModified\":\"2025-04-03T10:10:09+00:00\",\"breadcrumb\":{\"@id\":\"https:\\\/\\\/comline-elektronik.de\\\/fr\\\/informations-personnelles\\\/#breadcrumb\"},\"inLanguage\":\"fr-FR\",\"potentialAction\":[{\"@type\":\"ReadAction\",\"target\":[\"https:\\\/\\\/comline-elektronik.de\\\/fr\\\/informations-personnelles\\\/\"]}]},{\"@type\":\"BreadcrumbList\",\"@id\":\"https:\\\/\\\/comline-elektronik.de\\\/fr\\\/informations-personnelles\\\/#breadcrumb\",\"itemListElement\":[{\"@type\":\"ListItem\",\"position\":1,\"name\":\"Startseite\",\"item\":\"https:\\\/\\\/comline-elektronik.de\\\/fr\\\/\"},{\"@type\":\"ListItem\",\"position\":2,\"name\":\"Informations personnelles\"}]},{\"@type\":\"WebSite\",\"@id\":\"https:\\\/\\\/comline-elektronik.de\\\/#website\",\"url\":\"https:\\\/\\\/comline-elektronik.de\\\/\",\"name\":\"Comline Elektronik Elektrotechnik\",\"description\":\"Kabelsysteme | MIR-Spektrometer\",\"potentialAction\":[{\"@type\":\"SearchAction\",\"target\":{\"@type\":\"EntryPoint\",\"urlTemplate\":\"https:\\\/\\\/comline-elektronik.de\\\/?s={search_term_string}\"},\"query-input\":{\"@type\":\"PropertyValueSpecification\",\"valueRequired\":true,\"valueName\":\"search_term_string\"}}],\"inLanguage\":\"fr-FR\"}]}<\/script>\n<!-- \/ Yoast SEO plugin. -->","yoast_head_json":{"title":"Informations personnelles - Comline Elektronik Elektrotechnik","robots":{"index":"index","follow":"follow","max-snippet":"max-snippet:-1","max-image-preview":"max-image-preview:large","max-video-preview":"max-video-preview:-1"},"canonical":"https:\/\/comline-elektronik.de\/fr\/informations-personnelles\/","og_locale":"fr_FR","og_type":"article","og_title":"Informations personnelles - Comline Elektronik Elektrotechnik","og_description":"[vc_row][vc_column][vc_column_text] Datenschutz Wir freuen uns \u00fcber Ihren Besuch auf unserer Website und \u00fcber Ihr Interesse an unserem Angebot. Wir wollen, dass Sie sich auf unserer Website wohlf\u00fchlen und sich keine Sorgen \u00fcber die Vertraulichkeit Ihrer Daten machen m\u00fcssen. Wir f\u00fchlen uns dem Datenschutz sehr verpflichtet und halten Transparenz im Umgang mit Ihren Daten f\u00fcr sehr&hellip;","og_url":"https:\/\/comline-elektronik.de\/fr\/informations-personnelles\/","og_site_name":"Comline Elektronik Elektrotechnik","article_modified_time":"2025-04-03T10:10:09+00:00","twitter_card":"summary_large_image","twitter_misc":{"Dur\u00e9e de lecture estim\u00e9e":"6 minutes"},"schema":{"@context":"https:\/\/schema.org","@graph":[{"@type":"WebPage","@id":"https:\/\/comline-elektronik.de\/fr\/informations-personnelles\/","url":"https:\/\/comline-elektronik.de\/fr\/informations-personnelles\/","name":"Informations personnelles - Comline Elektronik Elektrotechnik","isPartOf":{"@id":"https:\/\/comline-elektronik.de\/#website"},"datePublished":"2018-05-15T10:35:18+00:00","dateModified":"2025-04-03T10:10:09+00:00","breadcrumb":{"@id":"https:\/\/comline-elektronik.de\/fr\/informations-personnelles\/#breadcrumb"},"inLanguage":"fr-FR","potentialAction":[{"@type":"ReadAction","target":["https:\/\/comline-elektronik.de\/fr\/informations-personnelles\/"]}]},{"@type":"BreadcrumbList","@id":"https:\/\/comline-elektronik.de\/fr\/informations-personnelles\/#breadcrumb","itemListElement":[{"@type":"ListItem","position":1,"name":"Startseite","item":"https:\/\/comline-elektronik.de\/fr\/"},{"@type":"ListItem","position":2,"name":"Informations personnelles"}]},{"@type":"WebSite","@id":"https:\/\/comline-elektronik.de\/#website","url":"https:\/\/comline-elektronik.de\/","name":"Comline Elektronik Elektrotechnik","description":"Kabelsysteme | MIR-Spektrometer","potentialAction":[{"@type":"SearchAction","target":{"@type":"EntryPoint","urlTemplate":"https:\/\/comline-elektronik.de\/?s={search_term_string}"},"query-input":{"@type":"PropertyValueSpecification","valueRequired":true,"valueName":"search_term_string"}}],"inLanguage":"fr-FR"}]}},"jetpack_shortlink":"https:\/\/wp.me\/P9txgi-DZ","jetpack_sharing_enabled":true,"_links":{"self":[{"href":"https:\/\/comline-elektronik.de\/fr\/wp-json\/wp\/v2\/pages\/2479","targetHints":{"allow":["GET"]}}],"collection":[{"href":"https:\/\/comline-elektronik.de\/fr\/wp-json\/wp\/v2\/pages"}],"about":[{"href":"https:\/\/comline-elektronik.de\/fr\/wp-json\/wp\/v2\/types\/page"}],"author":[{"embeddable":true,"href":"https:\/\/comline-elektronik.de\/fr\/wp-json\/wp\/v2\/users\/2"}],"replies":[{"embeddable":true,"href":"https:\/\/comline-elektronik.de\/fr\/wp-json\/wp\/v2\/comments?post=2479"}],"version-history":[{"count":3,"href":"https:\/\/comline-elektronik.de\/fr\/wp-json\/wp\/v2\/pages\/2479\/revisions"}],"predecessor-version":[{"id":4140,"href":"https:\/\/comline-elektronik.de\/fr\/wp-json\/wp\/v2\/pages\/2479\/revisions\/4140"}],"wp:attachment":[{"href":"https:\/\/comline-elektronik.de\/fr\/wp-json\/wp\/v2\/media?parent=2479"}],"curies":[{"name":"wp","href":"https:\/\/api.w.org\/{rel}","templated":true}]}}