{"id":1665,"date":"2017-01-19T16:20:37","date_gmt":"2017-01-19T15:20:37","guid":{"rendered":"http:\/\/comline-elektronik.eu\/?page_id=1665\/"},"modified":"2025-04-03T10:42:24","modified_gmt":"2025-04-03T08:42:24","slug":"connaissances-de-base","status":"publish","type":"page","link":"https:\/\/comline-elektronik.de\/fr\/spectrometre-mir\/connaissances-de-base\/","title":{"rendered":"Connaissances de base"},"content":{"rendered":"<div class=\"wpb-content-wrapper\"><p>[vc_row margin_top=\u00a0\u00bb0&Prime; margin_bottom=\u00a0\u00bb0px\u00a0\u00bb css=\u00a0\u00bb.vc_custom_1484742873755{margin-bottom: 0px !important;}\u00a0\u00bb][vc_column width=\u00a0\u00bb1\/3&Prime;][vc_column_text]<br \/>\n[\/vc_column_text][\/vc_column][vc_column width=\u00a0\u00bb2\/3&Prime;][vc_column_text]<\/p>\n<h2>Savoir-faire: IR Sphinx et Sphinx Suite<\/h2>\n<div class=\"gap\" style=\"line-height: 20px; height: 20px;\"><\/div>\n<h4><span style=\"color: #808080;\">Afin que vous puissiez utiliser au mieux l&rsquo;\u00e9tendue des possibilit\u00e9s que vous offre la gamme IR Shinx, Comline offre la possibilit\u00e9 d&rsquo;une formation personnelle \u00e0 l&rsquo;appareil et aux logiciels associ\u00e9s.<\/span><\/h4>\n<h4><span style=\"color: #808080;\">De plus, la gamme des mod\u00e8les IR Sphinx est continuellement en d\u00e9veloppement, nous r\u00e9pondons aux besoins des clients et nous impl\u00e9mentons de nouvelles fonctions. Demandez simplement quelles solutions vous propose actuellement Comline avec IR Sphinx<\/span><\/h4>\n<div class=\"gap\" style=\"line-height: 40px; height: 40px;\"><\/div>[\/vc_column_text][\/vc_column][\/vc_row][vc_row margin_top=\u00a0\u00bb0&Prime; margin_bottom=\u00a0\u00bb60px\u00a0\u00bb anchor=\u00a0\u00bbKernkompetenzen\u00a0\u00bb css=\u00a0\u00bb.vc_custom_1484742851738{margin-bottom: 0px !important;}\u00a0\u00bb][vc_column width=\u00a0\u00bb1\/3&Prime;][vc_column_text]<br \/>\n[\/vc_column_text][\/vc_column][vc_column width=\u00a0\u00bb2\/3&Prime;][vc_column_text]<\/p>\n<h2>T\u00e9l\u00e9chargements<\/h2>\n<div class=\"gap\" style=\"line-height: 10px; height: 10px;\"><\/div>[\/vc_column_text]<div class=\"standard-arrow list-divider bullet-top\"><ul>\n<li>\n<h4><span style=\"color: #808080;\"><a href=\"\/wp-content\/uploads\/CEW_Datenblatt_Transmission_web.pdf\" target=\"_blank\" rel=\"noopener\"><span style=\"color: #ffbb11;\">IRSphinx Transmission<\/span><\/a> Transmissionsspektroskopie (fichier PDF, allemand, env. 400 KB)<\/span><\/h4>\n<\/li>\n<li>\n<h4><span style=\"color: #808080;\"><a href=\"\/wp-content\/uploads\/Comline_IRSphinx-Transmission_en.pdf\" target=\"_blank\" rel=\"noopener\"><span style=\"color: #ffbb11;\">IRSphinx Transmission<\/span><\/a> MID-IR Transmission Spectroscopy (fichier PDF, anglais, env. 150 KB)<\/span><\/h4>\n<\/li>\n<li>\n<h4><span style=\"color: #808080;\"><a href=\"\/wp-content\/uploads\/CEW_Datenblatt_ATR_web.pdf\" target=\"_blank\" rel=\"noopener\"><span style=\"color: #ffbb11;\">IRSphinx ATR<\/span><\/a> ATR-Spektroskopie (fichier PDF, allemand, env. 400 KB)<\/span><\/h4>\n<\/li>\n<li>\n<h4><span style=\"color: #808080;\"><a href=\"\/wp-content\/uploads\/Comline_IRSphinx-ATR_en.pdf\" target=\"_blank\" rel=\"noopener\"><span style=\"color: #ffbb11;\">IRSphinx ATR<\/span><\/a> MID-IR ATR Spectroscopy (fichier PDF, anglais, env. 150 KB)<\/span><\/h4>\n<\/li>\n<li>\n<h4><span style=\"color: #808080;\"><a href=\"\/wp-content\/uploads\/Comline_IRSphinx-ATR-Flow-Through_en.pdf\" target=\"_blank\" rel=\"noopener\"><span style=\"color: #ffbb11;\">IRSphinx ATR Flow Through<\/span><\/a> MID-IR ATR Flow Through Spectroscopy (fichier PDF, anglais, env. 150 KB)<\/span><\/h4>\n<\/li>\n<li>\n<h4><span style=\"color: #808080;\"><a href=\"\/wp-content\/uploads\/Comline_IRSphinx-Gas_en.pdf\" target=\"_blank\" rel=\"noopener\"><span style=\"color: #ffbb11;\">IRSphinx Gas<\/span><\/a> Gas Measurement System (fichier PDF, anglais, env. 150 KB)<\/span><\/h4>\n<\/li>\n<li>\n<h4><span style=\"color: #808080;\"><a href=\"\/wp-content\/uploads\/Comline_sFTIR_en.pdf\" target=\"_blank\" rel=\"noopener\"><span style=\"color: #ffbb11;\">sFTIR<\/span><\/a> Static Fourier Transform Infrared Spectroscopy (fichier PDF, anglais, env. 150 KB)<\/span><\/h4>\n<\/li>\n<li>\n<h4><span style=\"color: #808080;\"><a href=\"\/wp-content\/uploads\/Comline_IRSphinx-Cuvettes_en.pdf\" target=\"_blank\" rel=\"noopener\"><span style=\"color: #ffbb11;\">IRSphinx Accessoires<\/span><\/a> Cuvettes for the IRSphinx-Spectrometers (fichier PDF, anglais, env. 150 KB)<\/span><\/h4>\n<\/li>\n<li>\n<h4><span style=\"color: #808080;\"><a href=\"\/wp-content\/uploads\/IRSphinx_Hardware_Manual.pdf\" target=\"_blank\" rel=\"noopener\"><span style=\"color: #ffbb11;\">Hardware User Manual<\/span><\/a> Hardware User Manual of the IRSphinx-Spectrometers (fichier PDF, anglais, env. 1 MB)<\/span><\/h4>\n<\/li>\n<\/ul>\n<\/div>[\/vc_column][\/vc_row]<\/p>\n<\/div>","protected":false},"excerpt":{"rendered":"<p>[vc_row margin_top=\u00a0\u00bb0&Prime; margin_bottom=\u00a0\u00bb0px\u00a0\u00bb css=\u00a0\u00bb.vc_custom_1484742873755{margin-bottom: 0px !important;}\u00a0\u00bb][vc_column width=\u00a0\u00bb1\/3&Prime;][vc_column_text] [\/vc_column_text][\/vc_column][vc_column width=\u00a0\u00bb2\/3&Prime;][vc_column_text] Savoir-faire: IR Sphinx et Sphinx Suite Afin que vous puissiez utiliser au mieux l&rsquo;\u00e9tendue des possibilit\u00e9s que vous offre la gamme IR Shinx, Comline offre la possibilit\u00e9 d&rsquo;une formation personnelle \u00e0 l&rsquo;appareil et aux logiciels associ\u00e9s. De plus, la gamme des mod\u00e8les IR Sphinx est continuellement&hellip;<\/p>\n","protected":false},"author":1,"featured_media":0,"parent":1692,"menu_order":0,"comment_status":"closed","ping_status":"open","template":"","meta":{"footnotes":""},"class_list":["post-1665","page","type-page","status-publish","hentry","description-off"],"yoast_head":"<!-- This site is optimized with the Yoast SEO plugin v27.0 - https:\/\/yoast.com\/product\/yoast-seo-wordpress\/ -->\n<title>Connaissances de base - Comline Elektronik Elektrotechnik<\/title>\n<meta name=\"robots\" content=\"index, follow, max-snippet:-1, max-image-preview:large, max-video-preview:-1\" \/>\n<link rel=\"canonical\" href=\"https:\/\/comline-elektronik.de\/fr\/spectrometre-mir\/connaissances-de-base\/\" \/>\n<meta property=\"og:locale\" content=\"fr_FR\" \/>\n<meta property=\"og:type\" content=\"article\" \/>\n<meta property=\"og:title\" content=\"Connaissances de base - Comline Elektronik Elektrotechnik\" \/>\n<meta property=\"og:description\" content=\"[vc_row margin_top=\u00a0\u00bb0&Prime; margin_bottom=\u00a0\u00bb0px\u00a0\u00bb css=\u00a0\u00bb.vc_custom_1484742873755{margin-bottom: 0px !important;}\u00a0\u00bb][vc_column width=\u00a0\u00bb1\/3&Prime;][vc_column_text] [\/vc_column_text][\/vc_column][vc_column width=\u00a0\u00bb2\/3&Prime;][vc_column_text] Savoir-faire: IR Sphinx et Sphinx Suite Afin que vous puissiez utiliser au mieux l&rsquo;\u00e9tendue des possibilit\u00e9s que vous offre la gamme IR Shinx, Comline offre la possibilit\u00e9 d&rsquo;une formation personnelle \u00e0 l&rsquo;appareil et aux logiciels associ\u00e9s. De plus, la gamme des mod\u00e8les IR Sphinx est continuellement&hellip;\" \/>\n<meta property=\"og:url\" content=\"https:\/\/comline-elektronik.de\/fr\/spectrometre-mir\/connaissances-de-base\/\" \/>\n<meta property=\"og:site_name\" content=\"Comline Elektronik Elektrotechnik\" \/>\n<meta property=\"article:modified_time\" content=\"2025-04-03T08:42:24+00:00\" \/>\n<meta name=\"twitter:card\" content=\"summary_large_image\" \/>\n<meta name=\"twitter:label1\" content=\"Dur\u00e9e de lecture estim\u00e9e\" \/>\n\t<meta name=\"twitter:data1\" content=\"2 minutes\" \/>\n<script type=\"application\/ld+json\" class=\"yoast-schema-graph\">{\"@context\":\"https:\/\/schema.org\",\"@graph\":[{\"@type\":\"WebPage\",\"@id\":\"https:\/\/comline-elektronik.de\/fr\/spectrometre-mir\/connaissances-de-base\/\",\"url\":\"https:\/\/comline-elektronik.de\/fr\/spectrometre-mir\/connaissances-de-base\/\",\"name\":\"Connaissances de base - Comline Elektronik Elektrotechnik\",\"isPartOf\":{\"@id\":\"https:\/\/comline-elektronik.de\/#website\"},\"datePublished\":\"2017-01-19T15:20:37+00:00\",\"dateModified\":\"2025-04-03T08:42:24+00:00\",\"breadcrumb\":{\"@id\":\"https:\/\/comline-elektronik.de\/fr\/spectrometre-mir\/connaissances-de-base\/#breadcrumb\"},\"inLanguage\":\"fr-FR\",\"potentialAction\":[{\"@type\":\"ReadAction\",\"target\":[\"https:\/\/comline-elektronik.de\/fr\/spectrometre-mir\/connaissances-de-base\/\"]}]},{\"@type\":\"BreadcrumbList\",\"@id\":\"https:\/\/comline-elektronik.de\/fr\/spectrometre-mir\/connaissances-de-base\/#breadcrumb\",\"itemListElement\":[{\"@type\":\"ListItem\",\"position\":1,\"name\":\"Startseite\",\"item\":\"https:\/\/comline-elektronik.de\/fr\/\"},{\"@type\":\"ListItem\",\"position\":2,\"name\":\"Spectrom\u00e8tre MIR\",\"item\":\"https:\/\/comline-elektronik.de\/fr\/spectrometre-mir\/\"},{\"@type\":\"ListItem\",\"position\":3,\"name\":\"Connaissances de base\"}]},{\"@type\":\"WebSite\",\"@id\":\"https:\/\/comline-elektronik.de\/#website\",\"url\":\"https:\/\/comline-elektronik.de\/\",\"name\":\"Comline Elektronik Elektrotechnik\",\"description\":\"Kabelsysteme | MIR-Spektrometer\",\"potentialAction\":[{\"@type\":\"SearchAction\",\"target\":{\"@type\":\"EntryPoint\",\"urlTemplate\":\"https:\/\/comline-elektronik.de\/?s={search_term_string}\"},\"query-input\":{\"@type\":\"PropertyValueSpecification\",\"valueRequired\":true,\"valueName\":\"search_term_string\"}}],\"inLanguage\":\"fr-FR\"}]}<\/script>\n<!-- \/ Yoast SEO plugin. -->","yoast_head_json":{"title":"Connaissances de base - Comline Elektronik Elektrotechnik","robots":{"index":"index","follow":"follow","max-snippet":"max-snippet:-1","max-image-preview":"max-image-preview:large","max-video-preview":"max-video-preview:-1"},"canonical":"https:\/\/comline-elektronik.de\/fr\/spectrometre-mir\/connaissances-de-base\/","og_locale":"fr_FR","og_type":"article","og_title":"Connaissances de base - Comline Elektronik Elektrotechnik","og_description":"[vc_row margin_top=\u00a0\u00bb0&Prime; margin_bottom=\u00a0\u00bb0px\u00a0\u00bb css=\u00a0\u00bb.vc_custom_1484742873755{margin-bottom: 0px !important;}\u00a0\u00bb][vc_column width=\u00a0\u00bb1\/3&Prime;][vc_column_text] [\/vc_column_text][\/vc_column][vc_column width=\u00a0\u00bb2\/3&Prime;][vc_column_text] Savoir-faire: IR Sphinx et Sphinx Suite Afin que vous puissiez utiliser au mieux l&rsquo;\u00e9tendue des possibilit\u00e9s que vous offre la gamme IR Shinx, Comline offre la possibilit\u00e9 d&rsquo;une formation personnelle \u00e0 l&rsquo;appareil et aux logiciels associ\u00e9s. De plus, la gamme des mod\u00e8les IR Sphinx est continuellement&hellip;","og_url":"https:\/\/comline-elektronik.de\/fr\/spectrometre-mir\/connaissances-de-base\/","og_site_name":"Comline Elektronik Elektrotechnik","article_modified_time":"2025-04-03T08:42:24+00:00","twitter_card":"summary_large_image","twitter_misc":{"Dur\u00e9e de lecture estim\u00e9e":"2 minutes"},"schema":{"@context":"https:\/\/schema.org","@graph":[{"@type":"WebPage","@id":"https:\/\/comline-elektronik.de\/fr\/spectrometre-mir\/connaissances-de-base\/","url":"https:\/\/comline-elektronik.de\/fr\/spectrometre-mir\/connaissances-de-base\/","name":"Connaissances de base - Comline Elektronik Elektrotechnik","isPartOf":{"@id":"https:\/\/comline-elektronik.de\/#website"},"datePublished":"2017-01-19T15:20:37+00:00","dateModified":"2025-04-03T08:42:24+00:00","breadcrumb":{"@id":"https:\/\/comline-elektronik.de\/fr\/spectrometre-mir\/connaissances-de-base\/#breadcrumb"},"inLanguage":"fr-FR","potentialAction":[{"@type":"ReadAction","target":["https:\/\/comline-elektronik.de\/fr\/spectrometre-mir\/connaissances-de-base\/"]}]},{"@type":"BreadcrumbList","@id":"https:\/\/comline-elektronik.de\/fr\/spectrometre-mir\/connaissances-de-base\/#breadcrumb","itemListElement":[{"@type":"ListItem","position":1,"name":"Startseite","item":"https:\/\/comline-elektronik.de\/fr\/"},{"@type":"ListItem","position":2,"name":"Spectrom\u00e8tre MIR","item":"https:\/\/comline-elektronik.de\/fr\/spectrometre-mir\/"},{"@type":"ListItem","position":3,"name":"Connaissances de base"}]},{"@type":"WebSite","@id":"https:\/\/comline-elektronik.de\/#website","url":"https:\/\/comline-elektronik.de\/","name":"Comline Elektronik Elektrotechnik","description":"Kabelsysteme | MIR-Spektrometer","potentialAction":[{"@type":"SearchAction","target":{"@type":"EntryPoint","urlTemplate":"https:\/\/comline-elektronik.de\/?s={search_term_string}"},"query-input":{"@type":"PropertyValueSpecification","valueRequired":true,"valueName":"search_term_string"}}],"inLanguage":"fr-FR"}]}},"jetpack_shortlink":"https:\/\/wp.me\/P9txgi-qR","jetpack_sharing_enabled":true,"_links":{"self":[{"href":"https:\/\/comline-elektronik.de\/fr\/wp-json\/wp\/v2\/pages\/1665","targetHints":{"allow":["GET"]}}],"collection":[{"href":"https:\/\/comline-elektronik.de\/fr\/wp-json\/wp\/v2\/pages"}],"about":[{"href":"https:\/\/comline-elektronik.de\/fr\/wp-json\/wp\/v2\/types\/page"}],"author":[{"embeddable":true,"href":"https:\/\/comline-elektronik.de\/fr\/wp-json\/wp\/v2\/users\/1"}],"replies":[{"embeddable":true,"href":"https:\/\/comline-elektronik.de\/fr\/wp-json\/wp\/v2\/comments?post=1665"}],"version-history":[{"count":2,"href":"https:\/\/comline-elektronik.de\/fr\/wp-json\/wp\/v2\/pages\/1665\/revisions"}],"predecessor-version":[{"id":4104,"href":"https:\/\/comline-elektronik.de\/fr\/wp-json\/wp\/v2\/pages\/1665\/revisions\/4104"}],"up":[{"embeddable":true,"href":"https:\/\/comline-elektronik.de\/fr\/wp-json\/wp\/v2\/pages\/1692"}],"wp:attachment":[{"href":"https:\/\/comline-elektronik.de\/fr\/wp-json\/wp\/v2\/media?parent=1665"}],"curies":[{"name":"wp","href":"https:\/\/api.w.org\/{rel}","templated":true}]}}