{"id":1640,"date":"2017-01-19T14:12:14","date_gmt":"2017-01-19T13:12:14","guid":{"rendered":"http:\/\/comline-elektronik.eu\/?page_id=1640\/"},"modified":"2025-04-03T12:05:23","modified_gmt":"2025-04-03T10:05:23","slug":"utilisations","status":"publish","type":"page","link":"https:\/\/comline-elektronik.de\/fr\/systemes-de-cablage\/utilisations\/","title":{"rendered":"Utilisations"},"content":{"rendered":"<div class=\"wpb-content-wrapper\"><p>[vc_row margin_top=\u00a0\u00bb0&Prime; margin_bottom=\u00a0\u00bb80px\u00a0\u00bb anchor=\u00a0\u00bbKernkompetenzen\u00a0\u00bb css=\u00a0\u00bb.vc_custom_1484742668168{margin-bottom: 0px !important;}\u00a0\u00bb][vc_column width=\u00a0\u00bb1\/3&Prime;][vc_column_text]<br \/>\n[\/vc_column_text][\/vc_column][vc_column width=\u00a0\u00bb2\/3&Prime;][vc_column_text]<\/p>\n<h2>Applications pour les syst\u00e8mes de c\u00e2blage de Comline<\/h2>\n<div class=\"gap\" style=\"line-height: 20px; height: 20px;\"><\/div>\n<h4><span style=\"color: #808080;\">Jeux de c\u00e2bles, r\u00e9seaux de bord et \u00e9lectriques centrales de Comline trouvent de multiples applications dans les machines agricoles et de construction : qu&rsquo;il s&rsquo;agisse de tracteurs, moissonneuses, pelles m\u00e9caniques, grues ou de machines de transbordement. Mais les produits Comline ont \u00e9galement fait leurs preuves dans les v\u00e9hicules militaires \u2013 dans des conditions de fonctionnement extr\u00eames comme vous n&rsquo;en avez jamais vues.<\/span><\/h4>\n<h4><span style=\"color: #808080;\">\u00c0 c\u00f4t\u00e9 de \u00e7a, Comline livre des c\u00e2blages industriels de quelque nature que ce soit, par exemple, des armoires de commande et r\u00e9partiteurs ainsi que des cordons amovibles pour machines et agr\u00e9gats.<\/span><\/h4>\n<div class=\"gap\" style=\"line-height: 10px; height: 10px;\"><\/div>[\/vc_column_text]<div class=\"standard-arrow list-divider bullet-top\"><ul>\n<li>Machines de construction<\/li>\n<li>Machines de transbordement<\/li>\n<li>C\u00e2blage industriel<\/li>\n<li>Machines agricoles<\/li>\n<li>Machines de travail automotrices<\/li>\n<li>C\u00e2blage moteur<\/li>\n<\/ul>\n<\/div>[\/vc_column][\/vc_row]<\/p>\n<\/div>","protected":false},"excerpt":{"rendered":"<p>[vc_row margin_top=\u00a0\u00bb0&Prime; margin_bottom=\u00a0\u00bb80px\u00a0\u00bb anchor=\u00a0\u00bbKernkompetenzen\u00a0\u00bb css=\u00a0\u00bb.vc_custom_1484742668168{margin-bottom: 0px !important;}\u00a0\u00bb][vc_column width=\u00a0\u00bb1\/3&Prime;][vc_column_text] [\/vc_column_text][\/vc_column][vc_column width=\u00a0\u00bb2\/3&Prime;][vc_column_text] Applications pour les syst\u00e8mes de c\u00e2blage de Comline Jeux de c\u00e2bles, r\u00e9seaux de bord et \u00e9lectriques centrales de Comline trouvent de multiples applications dans les machines agricoles et de construction : qu&rsquo;il s&rsquo;agisse de tracteurs, moissonneuses, pelles m\u00e9caniques, grues ou de machines de transbordement. Mais&hellip;<\/p>\n","protected":false},"author":1,"featured_media":0,"parent":1693,"menu_order":0,"comment_status":"closed","ping_status":"open","template":"","meta":{"footnotes":""},"class_list":["post-1640","page","type-page","status-publish","hentry","description-off"],"yoast_head":"<!-- This site is optimized with the Yoast SEO plugin v27.4 - https:\/\/yoast.com\/product\/yoast-seo-wordpress\/ -->\n<title>Utilisations - Comline Elektronik Elektrotechnik<\/title>\n<meta name=\"robots\" content=\"index, follow, max-snippet:-1, max-image-preview:large, max-video-preview:-1\" \/>\n<link rel=\"canonical\" href=\"https:\/\/comline-elektronik.de\/fr\/systemes-de-cablage\/utilisations\/\" \/>\n<meta property=\"og:locale\" content=\"fr_FR\" \/>\n<meta property=\"og:type\" content=\"article\" \/>\n<meta property=\"og:title\" content=\"Utilisations - Comline Elektronik Elektrotechnik\" \/>\n<meta property=\"og:description\" content=\"[vc_row margin_top=\u00a0\u00bb0&Prime; margin_bottom=\u00a0\u00bb80px\u00a0\u00bb anchor=\u00a0\u00bbKernkompetenzen\u00a0\u00bb css=\u00a0\u00bb.vc_custom_1484742668168{margin-bottom: 0px !important;}\u00a0\u00bb][vc_column width=\u00a0\u00bb1\/3&Prime;][vc_column_text] [\/vc_column_text][\/vc_column][vc_column width=\u00a0\u00bb2\/3&Prime;][vc_column_text] Applications pour les syst\u00e8mes de c\u00e2blage de Comline Jeux de c\u00e2bles, r\u00e9seaux de bord et \u00e9lectriques centrales de Comline trouvent de multiples applications dans les machines agricoles et de construction : qu&rsquo;il s&rsquo;agisse de tracteurs, moissonneuses, pelles m\u00e9caniques, grues ou de machines de transbordement. Mais&hellip;\" \/>\n<meta property=\"og:url\" content=\"https:\/\/comline-elektronik.de\/fr\/systemes-de-cablage\/utilisations\/\" \/>\n<meta property=\"og:site_name\" content=\"Comline Elektronik Elektrotechnik\" \/>\n<meta property=\"article:modified_time\" content=\"2025-04-03T10:05:23+00:00\" \/>\n<meta name=\"twitter:card\" content=\"summary_large_image\" \/>\n<meta name=\"twitter:label1\" content=\"Dur\u00e9e de lecture estim\u00e9e\" \/>\n\t<meta name=\"twitter:data1\" content=\"1 minute\" \/>\n<script type=\"application\/ld+json\" class=\"yoast-schema-graph\">{\"@context\":\"https:\\\/\\\/schema.org\",\"@graph\":[{\"@type\":\"WebPage\",\"@id\":\"https:\\\/\\\/comline-elektronik.de\\\/fr\\\/systemes-de-cablage\\\/utilisations\\\/\",\"url\":\"https:\\\/\\\/comline-elektronik.de\\\/fr\\\/systemes-de-cablage\\\/utilisations\\\/\",\"name\":\"Utilisations - Comline Elektronik Elektrotechnik\",\"isPartOf\":{\"@id\":\"https:\\\/\\\/comline-elektronik.de\\\/#website\"},\"datePublished\":\"2017-01-19T13:12:14+00:00\",\"dateModified\":\"2025-04-03T10:05:23+00:00\",\"breadcrumb\":{\"@id\":\"https:\\\/\\\/comline-elektronik.de\\\/fr\\\/systemes-de-cablage\\\/utilisations\\\/#breadcrumb\"},\"inLanguage\":\"fr-FR\",\"potentialAction\":[{\"@type\":\"ReadAction\",\"target\":[\"https:\\\/\\\/comline-elektronik.de\\\/fr\\\/systemes-de-cablage\\\/utilisations\\\/\"]}]},{\"@type\":\"BreadcrumbList\",\"@id\":\"https:\\\/\\\/comline-elektronik.de\\\/fr\\\/systemes-de-cablage\\\/utilisations\\\/#breadcrumb\",\"itemListElement\":[{\"@type\":\"ListItem\",\"position\":1,\"name\":\"Startseite\",\"item\":\"https:\\\/\\\/comline-elektronik.de\\\/fr\\\/\"},{\"@type\":\"ListItem\",\"position\":2,\"name\":\"Syst\u00e8mes de c\u00e2blage\",\"item\":\"https:\\\/\\\/comline-elektronik.de\\\/fr\\\/systemes-de-cablage\\\/\"},{\"@type\":\"ListItem\",\"position\":3,\"name\":\"Utilisations\"}]},{\"@type\":\"WebSite\",\"@id\":\"https:\\\/\\\/comline-elektronik.de\\\/#website\",\"url\":\"https:\\\/\\\/comline-elektronik.de\\\/\",\"name\":\"Comline Elektronik Elektrotechnik\",\"description\":\"Kabelsysteme | MIR-Spektrometer\",\"potentialAction\":[{\"@type\":\"SearchAction\",\"target\":{\"@type\":\"EntryPoint\",\"urlTemplate\":\"https:\\\/\\\/comline-elektronik.de\\\/?s={search_term_string}\"},\"query-input\":{\"@type\":\"PropertyValueSpecification\",\"valueRequired\":true,\"valueName\":\"search_term_string\"}}],\"inLanguage\":\"fr-FR\"}]}<\/script>\n<!-- \/ Yoast SEO plugin. -->","yoast_head_json":{"title":"Utilisations - Comline Elektronik Elektrotechnik","robots":{"index":"index","follow":"follow","max-snippet":"max-snippet:-1","max-image-preview":"max-image-preview:large","max-video-preview":"max-video-preview:-1"},"canonical":"https:\/\/comline-elektronik.de\/fr\/systemes-de-cablage\/utilisations\/","og_locale":"fr_FR","og_type":"article","og_title":"Utilisations - Comline Elektronik Elektrotechnik","og_description":"[vc_row margin_top=\u00a0\u00bb0&Prime; margin_bottom=\u00a0\u00bb80px\u00a0\u00bb anchor=\u00a0\u00bbKernkompetenzen\u00a0\u00bb css=\u00a0\u00bb.vc_custom_1484742668168{margin-bottom: 0px !important;}\u00a0\u00bb][vc_column width=\u00a0\u00bb1\/3&Prime;][vc_column_text] [\/vc_column_text][\/vc_column][vc_column width=\u00a0\u00bb2\/3&Prime;][vc_column_text] Applications pour les syst\u00e8mes de c\u00e2blage de Comline Jeux de c\u00e2bles, r\u00e9seaux de bord et \u00e9lectriques centrales de Comline trouvent de multiples applications dans les machines agricoles et de construction : qu&rsquo;il s&rsquo;agisse de tracteurs, moissonneuses, pelles m\u00e9caniques, grues ou de machines de transbordement. Mais&hellip;","og_url":"https:\/\/comline-elektronik.de\/fr\/systemes-de-cablage\/utilisations\/","og_site_name":"Comline Elektronik Elektrotechnik","article_modified_time":"2025-04-03T10:05:23+00:00","twitter_card":"summary_large_image","twitter_misc":{"Dur\u00e9e de lecture estim\u00e9e":"1 minute"},"schema":{"@context":"https:\/\/schema.org","@graph":[{"@type":"WebPage","@id":"https:\/\/comline-elektronik.de\/fr\/systemes-de-cablage\/utilisations\/","url":"https:\/\/comline-elektronik.de\/fr\/systemes-de-cablage\/utilisations\/","name":"Utilisations - Comline Elektronik Elektrotechnik","isPartOf":{"@id":"https:\/\/comline-elektronik.de\/#website"},"datePublished":"2017-01-19T13:12:14+00:00","dateModified":"2025-04-03T10:05:23+00:00","breadcrumb":{"@id":"https:\/\/comline-elektronik.de\/fr\/systemes-de-cablage\/utilisations\/#breadcrumb"},"inLanguage":"fr-FR","potentialAction":[{"@type":"ReadAction","target":["https:\/\/comline-elektronik.de\/fr\/systemes-de-cablage\/utilisations\/"]}]},{"@type":"BreadcrumbList","@id":"https:\/\/comline-elektronik.de\/fr\/systemes-de-cablage\/utilisations\/#breadcrumb","itemListElement":[{"@type":"ListItem","position":1,"name":"Startseite","item":"https:\/\/comline-elektronik.de\/fr\/"},{"@type":"ListItem","position":2,"name":"Syst\u00e8mes de c\u00e2blage","item":"https:\/\/comline-elektronik.de\/fr\/systemes-de-cablage\/"},{"@type":"ListItem","position":3,"name":"Utilisations"}]},{"@type":"WebSite","@id":"https:\/\/comline-elektronik.de\/#website","url":"https:\/\/comline-elektronik.de\/","name":"Comline Elektronik Elektrotechnik","description":"Kabelsysteme | MIR-Spektrometer","potentialAction":[{"@type":"SearchAction","target":{"@type":"EntryPoint","urlTemplate":"https:\/\/comline-elektronik.de\/?s={search_term_string}"},"query-input":{"@type":"PropertyValueSpecification","valueRequired":true,"valueName":"search_term_string"}}],"inLanguage":"fr-FR"}]}},"jetpack_shortlink":"https:\/\/wp.me\/P9txgi-qs","jetpack_sharing_enabled":true,"_links":{"self":[{"href":"https:\/\/comline-elektronik.de\/fr\/wp-json\/wp\/v2\/pages\/1640","targetHints":{"allow":["GET"]}}],"collection":[{"href":"https:\/\/comline-elektronik.de\/fr\/wp-json\/wp\/v2\/pages"}],"about":[{"href":"https:\/\/comline-elektronik.de\/fr\/wp-json\/wp\/v2\/types\/page"}],"author":[{"embeddable":true,"href":"https:\/\/comline-elektronik.de\/fr\/wp-json\/wp\/v2\/users\/1"}],"replies":[{"embeddable":true,"href":"https:\/\/comline-elektronik.de\/fr\/wp-json\/wp\/v2\/comments?post=1640"}],"version-history":[{"count":1,"href":"https:\/\/comline-elektronik.de\/fr\/wp-json\/wp\/v2\/pages\/1640\/revisions"}],"predecessor-version":[{"id":4129,"href":"https:\/\/comline-elektronik.de\/fr\/wp-json\/wp\/v2\/pages\/1640\/revisions\/4129"}],"up":[{"embeddable":true,"href":"https:\/\/comline-elektronik.de\/fr\/wp-json\/wp\/v2\/pages\/1693"}],"wp:attachment":[{"href":"https:\/\/comline-elektronik.de\/fr\/wp-json\/wp\/v2\/media?parent=1640"}],"curies":[{"name":"wp","href":"https:\/\/api.w.org\/{rel}","templated":true}]}}