{"id":1614,"date":"2017-01-19T12:10:18","date_gmt":"2017-01-19T11:10:18","guid":{"rendered":"http:\/\/comline-elektronik.eu\/?page_id=1614\/"},"modified":"2025-04-03T12:03:13","modified_gmt":"2025-04-03T10:03:13","slug":"capacite-de-developpement","status":"publish","type":"page","link":"https:\/\/comline-elektronik.de\/fr\/systemes-de-cablage\/capacite-de-developpement\/","title":{"rendered":"Capacit\u00e9 de d\u00e9veloppement"},"content":{"rendered":"<div class=\"wpb-content-wrapper\"><p>[vc_row margin_top=\u00a0\u00bb0&Prime; margin_bottom=\u00a0\u00bb60&Prime; css=\u00a0\u00bb.vc_custom_1484667501470{margin-bottom: 0px !important;}\u00a0\u00bb][vc_column width=\u00a0\u00bb1\/3&Prime;][vc_column_text]<br \/>\n[\/vc_column_text][\/vc_column][vc_column width=\u00a0\u00bb2\/3&Prime;][vc_column_text]<\/p>\n<h2>D\u00e9veloppement gr\u00e2ce \u00e0 l&rsquo;exp\u00e9rience<\/h2>\n<div class=\"gap\" style=\"line-height: 20px; height: 20px;\"><\/div>\n<h4><span style=\"color: #808080;\">Chez Comline, capacit\u00e9 de d\u00e9veloppement et capacit\u00e9 de fabrication sont \u00e9troitement li\u00e9es \u2013 tous les d\u00e9partements techniques communiquent les uns avec les autres.<br \/>\nDe la distribution de tension aux utilisateurs \u00e0 la fourniture de courants d&rsquo;entrainement ou de signaux : Comline d\u00e9veloppe des solutions compl\u00e8tes pour tous les domaines d&rsquo;application possibles et imaginables concernant les jeux de c\u00e2bles, lignes, r\u00e9seaux de bord et syst\u00e8mes \u00e9lectriques, y compris, le cas \u00e9ch\u00e9ant, les boitiers et armoires \u00e9lectriques correspondantes.<\/span><\/h4>\n<div class=\"gap\" style=\"line-height: 40px; height: 40px;\"><\/div>[\/vc_column_text]<div class=\"standard-arrow list-divider bullet-top\"><ul>\n<li>D\u00e9veloppement du circuit \u00e9lectronique<\/li>\n<li>Conception du circuit<\/li>\n<li>\u00c9laboration de sch\u00e9mas du jeu de c\u00e2bles<\/li>\n<li>Construction de l&rsquo;armoire de commande<\/li>\n<li>Programmation du syst\u00e8me<\/li>\n<li>Montage des pi\u00e8ces en plastique et en m\u00e9tal<\/li>\n<li>Sous-syst\u00e8mes complets<\/li>\n<\/ul>\n<\/div>[\/vc_column][\/vc_row]<\/p>\n<\/div>","protected":false},"excerpt":{"rendered":"<p>[vc_row margin_top=\u00a0\u00bb0&Prime; margin_bottom=\u00a0\u00bb60&Prime; css=\u00a0\u00bb.vc_custom_1484667501470{margin-bottom: 0px !important;}\u00a0\u00bb][vc_column width=\u00a0\u00bb1\/3&Prime;][vc_column_text] [\/vc_column_text][\/vc_column][vc_column width=\u00a0\u00bb2\/3&Prime;][vc_column_text] D\u00e9veloppement gr\u00e2ce \u00e0 l&rsquo;exp\u00e9rience Chez Comline, capacit\u00e9 de d\u00e9veloppement et capacit\u00e9 de fabrication sont \u00e9troitement li\u00e9es \u2013 tous les d\u00e9partements techniques communiquent les uns avec les autres. De la distribution de tension aux utilisateurs \u00e0 la fourniture de courants d&rsquo;entrainement ou de signaux : Comline d\u00e9veloppe&hellip;<\/p>\n","protected":false},"author":1,"featured_media":0,"parent":1693,"menu_order":0,"comment_status":"closed","ping_status":"open","template":"","meta":{"footnotes":""},"class_list":["post-1614","page","type-page","status-publish","hentry","description-off"],"yoast_head":"<!-- This site is optimized with the Yoast SEO plugin v27.4 - https:\/\/yoast.com\/product\/yoast-seo-wordpress\/ -->\n<title>Capacit\u00e9 de d\u00e9veloppement - Comline Elektronik Elektrotechnik<\/title>\n<meta name=\"robots\" content=\"index, follow, max-snippet:-1, max-image-preview:large, max-video-preview:-1\" \/>\n<link rel=\"canonical\" href=\"https:\/\/comline-elektronik.de\/fr\/systemes-de-cablage\/capacite-de-developpement\/\" \/>\n<meta property=\"og:locale\" content=\"fr_FR\" \/>\n<meta property=\"og:type\" content=\"article\" \/>\n<meta property=\"og:title\" content=\"Capacit\u00e9 de d\u00e9veloppement - Comline Elektronik Elektrotechnik\" \/>\n<meta property=\"og:description\" content=\"[vc_row margin_top=\u00a0\u00bb0&Prime; margin_bottom=\u00a0\u00bb60&Prime; css=\u00a0\u00bb.vc_custom_1484667501470{margin-bottom: 0px !important;}\u00a0\u00bb][vc_column width=\u00a0\u00bb1\/3&Prime;][vc_column_text] [\/vc_column_text][\/vc_column][vc_column width=\u00a0\u00bb2\/3&Prime;][vc_column_text] D\u00e9veloppement gr\u00e2ce \u00e0 l&rsquo;exp\u00e9rience Chez Comline, capacit\u00e9 de d\u00e9veloppement et capacit\u00e9 de fabrication sont \u00e9troitement li\u00e9es \u2013 tous les d\u00e9partements techniques communiquent les uns avec les autres. De la distribution de tension aux utilisateurs \u00e0 la fourniture de courants d&rsquo;entrainement ou de signaux : Comline d\u00e9veloppe&hellip;\" \/>\n<meta property=\"og:url\" content=\"https:\/\/comline-elektronik.de\/fr\/systemes-de-cablage\/capacite-de-developpement\/\" \/>\n<meta property=\"og:site_name\" content=\"Comline Elektronik Elektrotechnik\" \/>\n<meta property=\"article:modified_time\" content=\"2025-04-03T10:03:13+00:00\" \/>\n<meta name=\"twitter:card\" content=\"summary_large_image\" \/>\n<meta name=\"twitter:label1\" content=\"Dur\u00e9e de lecture estim\u00e9e\" \/>\n\t<meta name=\"twitter:data1\" content=\"1 minute\" \/>\n<script type=\"application\/ld+json\" class=\"yoast-schema-graph\">{\"@context\":\"https:\\\/\\\/schema.org\",\"@graph\":[{\"@type\":\"WebPage\",\"@id\":\"https:\\\/\\\/comline-elektronik.de\\\/fr\\\/systemes-de-cablage\\\/capacite-de-developpement\\\/\",\"url\":\"https:\\\/\\\/comline-elektronik.de\\\/fr\\\/systemes-de-cablage\\\/capacite-de-developpement\\\/\",\"name\":\"Capacit\u00e9 de d\u00e9veloppement - Comline Elektronik Elektrotechnik\",\"isPartOf\":{\"@id\":\"https:\\\/\\\/comline-elektronik.de\\\/#website\"},\"datePublished\":\"2017-01-19T11:10:18+00:00\",\"dateModified\":\"2025-04-03T10:03:13+00:00\",\"breadcrumb\":{\"@id\":\"https:\\\/\\\/comline-elektronik.de\\\/fr\\\/systemes-de-cablage\\\/capacite-de-developpement\\\/#breadcrumb\"},\"inLanguage\":\"fr-FR\",\"potentialAction\":[{\"@type\":\"ReadAction\",\"target\":[\"https:\\\/\\\/comline-elektronik.de\\\/fr\\\/systemes-de-cablage\\\/capacite-de-developpement\\\/\"]}]},{\"@type\":\"BreadcrumbList\",\"@id\":\"https:\\\/\\\/comline-elektronik.de\\\/fr\\\/systemes-de-cablage\\\/capacite-de-developpement\\\/#breadcrumb\",\"itemListElement\":[{\"@type\":\"ListItem\",\"position\":1,\"name\":\"Startseite\",\"item\":\"https:\\\/\\\/comline-elektronik.de\\\/fr\\\/\"},{\"@type\":\"ListItem\",\"position\":2,\"name\":\"Syst\u00e8mes de c\u00e2blage\",\"item\":\"https:\\\/\\\/comline-elektronik.de\\\/fr\\\/systemes-de-cablage\\\/\"},{\"@type\":\"ListItem\",\"position\":3,\"name\":\"Capacit\u00e9 de d\u00e9veloppement\"}]},{\"@type\":\"WebSite\",\"@id\":\"https:\\\/\\\/comline-elektronik.de\\\/#website\",\"url\":\"https:\\\/\\\/comline-elektronik.de\\\/\",\"name\":\"Comline Elektronik Elektrotechnik\",\"description\":\"Kabelsysteme | MIR-Spektrometer\",\"potentialAction\":[{\"@type\":\"SearchAction\",\"target\":{\"@type\":\"EntryPoint\",\"urlTemplate\":\"https:\\\/\\\/comline-elektronik.de\\\/?s={search_term_string}\"},\"query-input\":{\"@type\":\"PropertyValueSpecification\",\"valueRequired\":true,\"valueName\":\"search_term_string\"}}],\"inLanguage\":\"fr-FR\"}]}<\/script>\n<!-- \/ Yoast SEO plugin. -->","yoast_head_json":{"title":"Capacit\u00e9 de d\u00e9veloppement - Comline Elektronik Elektrotechnik","robots":{"index":"index","follow":"follow","max-snippet":"max-snippet:-1","max-image-preview":"max-image-preview:large","max-video-preview":"max-video-preview:-1"},"canonical":"https:\/\/comline-elektronik.de\/fr\/systemes-de-cablage\/capacite-de-developpement\/","og_locale":"fr_FR","og_type":"article","og_title":"Capacit\u00e9 de d\u00e9veloppement - Comline Elektronik Elektrotechnik","og_description":"[vc_row margin_top=\u00a0\u00bb0&Prime; margin_bottom=\u00a0\u00bb60&Prime; css=\u00a0\u00bb.vc_custom_1484667501470{margin-bottom: 0px !important;}\u00a0\u00bb][vc_column width=\u00a0\u00bb1\/3&Prime;][vc_column_text] [\/vc_column_text][\/vc_column][vc_column width=\u00a0\u00bb2\/3&Prime;][vc_column_text] D\u00e9veloppement gr\u00e2ce \u00e0 l&rsquo;exp\u00e9rience Chez Comline, capacit\u00e9 de d\u00e9veloppement et capacit\u00e9 de fabrication sont \u00e9troitement li\u00e9es \u2013 tous les d\u00e9partements techniques communiquent les uns avec les autres. De la distribution de tension aux utilisateurs \u00e0 la fourniture de courants d&rsquo;entrainement ou de signaux : Comline d\u00e9veloppe&hellip;","og_url":"https:\/\/comline-elektronik.de\/fr\/systemes-de-cablage\/capacite-de-developpement\/","og_site_name":"Comline Elektronik Elektrotechnik","article_modified_time":"2025-04-03T10:03:13+00:00","twitter_card":"summary_large_image","twitter_misc":{"Dur\u00e9e de lecture estim\u00e9e":"1 minute"},"schema":{"@context":"https:\/\/schema.org","@graph":[{"@type":"WebPage","@id":"https:\/\/comline-elektronik.de\/fr\/systemes-de-cablage\/capacite-de-developpement\/","url":"https:\/\/comline-elektronik.de\/fr\/systemes-de-cablage\/capacite-de-developpement\/","name":"Capacit\u00e9 de d\u00e9veloppement - Comline Elektronik Elektrotechnik","isPartOf":{"@id":"https:\/\/comline-elektronik.de\/#website"},"datePublished":"2017-01-19T11:10:18+00:00","dateModified":"2025-04-03T10:03:13+00:00","breadcrumb":{"@id":"https:\/\/comline-elektronik.de\/fr\/systemes-de-cablage\/capacite-de-developpement\/#breadcrumb"},"inLanguage":"fr-FR","potentialAction":[{"@type":"ReadAction","target":["https:\/\/comline-elektronik.de\/fr\/systemes-de-cablage\/capacite-de-developpement\/"]}]},{"@type":"BreadcrumbList","@id":"https:\/\/comline-elektronik.de\/fr\/systemes-de-cablage\/capacite-de-developpement\/#breadcrumb","itemListElement":[{"@type":"ListItem","position":1,"name":"Startseite","item":"https:\/\/comline-elektronik.de\/fr\/"},{"@type":"ListItem","position":2,"name":"Syst\u00e8mes de c\u00e2blage","item":"https:\/\/comline-elektronik.de\/fr\/systemes-de-cablage\/"},{"@type":"ListItem","position":3,"name":"Capacit\u00e9 de d\u00e9veloppement"}]},{"@type":"WebSite","@id":"https:\/\/comline-elektronik.de\/#website","url":"https:\/\/comline-elektronik.de\/","name":"Comline Elektronik Elektrotechnik","description":"Kabelsysteme | MIR-Spektrometer","potentialAction":[{"@type":"SearchAction","target":{"@type":"EntryPoint","urlTemplate":"https:\/\/comline-elektronik.de\/?s={search_term_string}"},"query-input":{"@type":"PropertyValueSpecification","valueRequired":true,"valueName":"search_term_string"}}],"inLanguage":"fr-FR"}]}},"jetpack_shortlink":"https:\/\/wp.me\/P9txgi-q2","jetpack_sharing_enabled":true,"_links":{"self":[{"href":"https:\/\/comline-elektronik.de\/fr\/wp-json\/wp\/v2\/pages\/1614","targetHints":{"allow":["GET"]}}],"collection":[{"href":"https:\/\/comline-elektronik.de\/fr\/wp-json\/wp\/v2\/pages"}],"about":[{"href":"https:\/\/comline-elektronik.de\/fr\/wp-json\/wp\/v2\/types\/page"}],"author":[{"embeddable":true,"href":"https:\/\/comline-elektronik.de\/fr\/wp-json\/wp\/v2\/users\/1"}],"replies":[{"embeddable":true,"href":"https:\/\/comline-elektronik.de\/fr\/wp-json\/wp\/v2\/comments?post=1614"}],"version-history":[{"count":2,"href":"https:\/\/comline-elektronik.de\/fr\/wp-json\/wp\/v2\/pages\/1614\/revisions"}],"predecessor-version":[{"id":4123,"href":"https:\/\/comline-elektronik.de\/fr\/wp-json\/wp\/v2\/pages\/1614\/revisions\/4123"}],"up":[{"embeddable":true,"href":"https:\/\/comline-elektronik.de\/fr\/wp-json\/wp\/v2\/pages\/1693"}],"wp:attachment":[{"href":"https:\/\/comline-elektronik.de\/fr\/wp-json\/wp\/v2\/media?parent=1614"}],"curies":[{"name":"wp","href":"https:\/\/api.w.org\/{rel}","templated":true}]}}