{"id":1608,"date":"2017-01-19T11:52:11","date_gmt":"2017-01-19T10:52:11","guid":{"rendered":"http:\/\/comline-elektronik.eu\/?page_id=1608\/"},"modified":"2025-04-03T12:02:30","modified_gmt":"2025-04-03T10:02:30","slug":"jeux-de-cables-de-comline","status":"publish","type":"page","link":"https:\/\/comline-elektronik.de\/fr\/systemes-de-cablage\/jeux-de-cables-de-comline\/","title":{"rendered":"Jeux de c\u00e2bles de Comline"},"content":{"rendered":"<div class=\"wpb-content-wrapper\"><p>[vc_row margin_bottom=\u00a0\u00bb60&Prime; css=\u00a0\u00bb.vc_custom_1484665843565{margin-bottom: 40px !important;}\u00a0\u00bb][vc_column width=\u00a0\u00bb1\/3&Prime;]<div class=\"gap\" style=\"line-height: 40px; height: 40px;\"><\/div><style type=\"text\/css\" data-type=\"the7_shortcodes-inline-css\">.shortcode-single-image-wrap.shortcode-single-image-094decb99d82de6561920f4dad7e6042.enable-bg-rollover .rollover i,\n.shortcode-single-image-wrap.shortcode-single-image-094decb99d82de6561920f4dad7e6042.enable-bg-rollover .rollover-video i {\n  background: -webkit-linear-gradient();\n  background: linear-gradient();\n}\n.shortcode-single-image-wrap.shortcode-single-image-094decb99d82de6561920f4dad7e6042 .rollover-icon {\n  font-size: 32px;\n  color: #ffffff;\n  min-width: 44px;\n  min-height: 44px;\n  line-height: 44px;\n  border-radius: 100px;\n  border-style: solid;\n  border-width: 0px;\n}\n.dt-icon-bg-on.shortcode-single-image-wrap.shortcode-single-image-094decb99d82de6561920f4dad7e6042 .rollover-icon {\n  background: rgba(255,255,255,0.3);\n  box-shadow: none;\n}\n<\/style><div class=\"shortcode-single-image-wrap shortcode-single-image-094decb99d82de6561920f4dad7e6042 alignnone  vc_custom_1484823220533 enable-bg-rollover dt-icon-bg-off\" ><div class=\"shortcode-single-image\"><div class=\"fancy-media-wrap  layzr-bg\" style=\"\"><img fetchpriority=\"high\" decoding=\"async\" class=\"preload-me lazy-load aspect\" src=\"data:image\/svg+xml,%3Csvg%20xmlns%3D&#39;http%3A%2F%2Fwww.w3.org%2F2000%2Fsvg&#39;%20viewBox%3D&#39;0%200%20400%20287&#39;%2F%3E\" data-src=\"https:\/\/comline-elektronik.de\/wp-content\/uploads\/2014\/03\/Kabelbaum-gelb_400x287_sRGB.jpg\" data-srcset=\"https:\/\/comline-elektronik.de\/wp-content\/uploads\/2014\/03\/Kabelbaum-gelb_400x287_sRGB.jpg 400w\" loading=\"eager\" sizes=\"(max-width: 400px) 100vw, 400px\" width=\"400\" height=\"287\"  data-dt-location=\"https:\/\/comline-elektronik.de\/fr\/verkabelungssysteme\/kabelbaum-gelb_400x287_srgb\/\" style=\"--ratio: 400 \/ 287;\" alt=\"\" \/><\/div><\/div><\/div>[\/vc_column][vc_column width=\u00a0\u00bb2\/3&Prime;][vc_column_text]<\/p>\n<h2>C\u00e2blage intelligent<\/h2>\n<div class=\"gap\" style=\"line-height: 20px; height: 20px;\"><\/div>\n<h4><span style=\"color: #808080;\">Comline d\u00e9veloppe et produit des jeux de c\u00e2bles tr\u00e8s robustes, suffisamment r\u00e9sistants pour les conditions d&rsquo;utilisation les plus extr\u00eames. Sur demande, nous ne nous contentons pas de livrer tous les composants des r\u00e9seaux de bord complexes, mais nous nous occupons \u00e9galement de l&rsquo;installation \u2013 qu&rsquo;il s&rsquo;agisse de \u00abjust in sequence\u00bb \u00e0 la ligne de production de notre client ou inhouse, par exemple aux sous-syst\u00e8mes livr\u00e9s.<\/span><\/h4>\n<h4><span style=\"color: #808080;\">Les jeux de c\u00e2bles de qualit\u00e9 fabriqu\u00e9s par Comline sont utilis\u00e9s par les fabricants de v\u00e9hicules utilitaires renomm\u00e9s et dans le domaine de la construction ainsi que dans l&rsquo;industrie automobile et pour des applications militaires. Il est donc fort probable qu&rsquo;une pi\u00e8ce Comline sa cache dans les machines agricoles, de chargement ou de construction que vous rencontrez.<\/span><\/h4>\n<p>[\/vc_column_text]<div class=\"gap\" style=\"line-height: 40px; height: 40px;\"><\/div>[vc_video link=\u00a0\u00bbhttps:\/\/youtu.be\/tQiXL7B6f70?rel=0&Prime;]<div class=\"gap\" style=\"line-height: 60px; height: 60px;\"><\/div>[vc_column_text]<\/p>\n<h2><span style=\"color: #000000;\">Comp\u00e9tences cl\u00e9s<\/span><\/h2>\n<div class=\"gap\" style=\"line-height: 20px; height: 20px;\"><\/div>[\/vc_column_text][vc_accordion active_tab=\u00a0\u00bbfalse\u00a0\u00bb collapsible=\u00a0\u00bbyes\u00a0\u00bb title_size=\u00a0\u00bbh3&Prime;][vc_accordion_tab title=\u00a0\u00bbConfection de c\u00e2bles et connexion\u00a0\u00bb][vc_column_text]<\/p>\n<h4><span style=\"color: #808080;\">D\u00e9coupe automatique, y compris inscription de texte, connexion avec surveillance de force d&rsquo;indentation \u00e9lectronique.<\/span><\/h4>\n<p>[\/vc_column_text][\/vc_accordion_tab][vc_accordion_tab title=\u00a0\u00bbR\u00e9seaux de bord complexes\u00a0\u00bb][vc_column_text]<\/p>\n<h4><span style=\"color: #808080;\">Jeux de c\u00e2bles, tableaux de bord, syst\u00e8mes \u00e9lectroniques et \u00e9lectriques centrales.<\/span><\/h4>\n<p>[\/vc_column_text][\/vc_accordion_tab][vc_accordion_tab title=\u00a0\u00bbComline comme livreur de syst\u00e8mes\u00a0\u00bb][vc_column_text]<\/p>\n<h4><span style=\"color: #808080;\">Nous nous occupons de l&rsquo;acquisition \u00e0 prix avantageux, la production, la programmation, le montage et la fourniture de pi\u00e8ces de rechange.<\/span><\/h4>\n<p>[\/vc_column_text][\/vc_accordion_tab][vc_accordion_tab title=\u00a0\u00bbFabrication de jeux de c\u00e2bles pour des applications robustes\u00a0\u00bb][vc_column_text]<\/p>\n<h4><span style=\"color: #808080;\">Jeux de c\u00e2bles avec la meilleure protection possible \u2013 via bandage et tressage, gaine en plastique ou en fil de nylon, gaine isolante ou tube ondul\u00e9.<\/span><\/h4>\n<p>[\/vc_column_text][\/vc_accordion_tab][vc_accordion_tab title=\u00a0\u00bbC\u00e2blage industriel\u00a0\u00bb][vc_column_text]<\/p>\n<h4><span style=\"color: #808080;\">D\u00e9veloppement et fabrication de jeux de c\u00e2bles et de syst\u00e8mes pour des applications industrielles \u2013\u00a0sur demande, programmation des composants \u00e9lectroniques incluse.<\/span><\/h4>\n<p>[\/vc_column_text][\/vc_accordion_tab][vc_accordion_tab title=\u00a0\u00bbMontage armoire de commande\u00a0\u00bb][vc_column_text]<\/p>\n<h4><span style=\"color: #808080;\">Fabrication et mise en place sur demande des pi\u00e8ces en t\u00f4le et en acier indispensables, incluses.<\/span><\/h4>\n<p>[\/vc_column_text][\/vc_accordion_tab][\/vc_accordion][\/vc_column][\/vc_row]<\/p>\n<\/div>","protected":false},"excerpt":{"rendered":"<p>[vc_row margin_bottom=\u00a0\u00bb60&Prime; css=\u00a0\u00bb.vc_custom_1484665843565{margin-bottom: 40px !important;}\u00a0\u00bb][vc_column width=\u00a0\u00bb1\/3&Prime;][\/vc_column][vc_column width=\u00a0\u00bb2\/3&Prime;][vc_column_text] C\u00e2blage intelligent Comline d\u00e9veloppe et produit des jeux de c\u00e2bles tr\u00e8s robustes, suffisamment r\u00e9sistants pour les conditions d&rsquo;utilisation les plus extr\u00eames. Sur demande, nous ne nous contentons pas de livrer tous les composants des r\u00e9seaux de bord complexes, mais nous nous occupons \u00e9galement de l&rsquo;installation \u2013 qu&rsquo;il s&rsquo;agisse&hellip;<\/p>\n","protected":false},"author":1,"featured_media":0,"parent":1693,"menu_order":0,"comment_status":"closed","ping_status":"open","template":"","meta":{"footnotes":""},"class_list":["post-1608","page","type-page","status-publish","hentry","description-off"],"yoast_head":"<!-- This site is optimized with the Yoast SEO plugin v27.4 - https:\/\/yoast.com\/product\/yoast-seo-wordpress\/ -->\n<title>Jeux de c\u00e2bles de Comline - Comline Elektronik Elektrotechnik<\/title>\n<meta name=\"robots\" content=\"index, follow, max-snippet:-1, max-image-preview:large, max-video-preview:-1\" \/>\n<link rel=\"canonical\" href=\"https:\/\/comline-elektronik.de\/fr\/systemes-de-cablage\/jeux-de-cables-de-comline\/\" \/>\n<meta property=\"og:locale\" content=\"fr_FR\" \/>\n<meta property=\"og:type\" content=\"article\" \/>\n<meta property=\"og:title\" content=\"Jeux de c\u00e2bles de Comline - Comline Elektronik Elektrotechnik\" \/>\n<meta property=\"og:description\" content=\"[vc_row margin_bottom=\u00a0\u00bb60&Prime; css=\u00a0\u00bb.vc_custom_1484665843565{margin-bottom: 40px !important;}\u00a0\u00bb][vc_column width=\u00a0\u00bb1\/3&Prime;][\/vc_column][vc_column width=\u00a0\u00bb2\/3&Prime;][vc_column_text] C\u00e2blage intelligent Comline d\u00e9veloppe et produit des jeux de c\u00e2bles tr\u00e8s robustes, suffisamment r\u00e9sistants pour les conditions d&rsquo;utilisation les plus extr\u00eames. Sur demande, nous ne nous contentons pas de livrer tous les composants des r\u00e9seaux de bord complexes, mais nous nous occupons \u00e9galement de l&rsquo;installation \u2013 qu&rsquo;il s&rsquo;agisse&hellip;\" \/>\n<meta property=\"og:url\" content=\"https:\/\/comline-elektronik.de\/fr\/systemes-de-cablage\/jeux-de-cables-de-comline\/\" \/>\n<meta property=\"og:site_name\" content=\"Comline Elektronik Elektrotechnik\" \/>\n<meta property=\"article:modified_time\" content=\"2025-04-03T10:02:30+00:00\" \/>\n<meta name=\"twitter:card\" content=\"summary_large_image\" \/>\n<meta name=\"twitter:label1\" content=\"Dur\u00e9e de lecture estim\u00e9e\" \/>\n\t<meta name=\"twitter:data1\" content=\"2 minutes\" \/>\n<script type=\"application\/ld+json\" class=\"yoast-schema-graph\">{\"@context\":\"https:\\\/\\\/schema.org\",\"@graph\":[{\"@type\":\"WebPage\",\"@id\":\"https:\\\/\\\/comline-elektronik.de\\\/fr\\\/systemes-de-cablage\\\/jeux-de-cables-de-comline\\\/\",\"url\":\"https:\\\/\\\/comline-elektronik.de\\\/fr\\\/systemes-de-cablage\\\/jeux-de-cables-de-comline\\\/\",\"name\":\"Jeux de c\u00e2bles de Comline - Comline Elektronik Elektrotechnik\",\"isPartOf\":{\"@id\":\"https:\\\/\\\/comline-elektronik.de\\\/#website\"},\"datePublished\":\"2017-01-19T10:52:11+00:00\",\"dateModified\":\"2025-04-03T10:02:30+00:00\",\"breadcrumb\":{\"@id\":\"https:\\\/\\\/comline-elektronik.de\\\/fr\\\/systemes-de-cablage\\\/jeux-de-cables-de-comline\\\/#breadcrumb\"},\"inLanguage\":\"fr-FR\",\"potentialAction\":[{\"@type\":\"ReadAction\",\"target\":[\"https:\\\/\\\/comline-elektronik.de\\\/fr\\\/systemes-de-cablage\\\/jeux-de-cables-de-comline\\\/\"]}]},{\"@type\":\"BreadcrumbList\",\"@id\":\"https:\\\/\\\/comline-elektronik.de\\\/fr\\\/systemes-de-cablage\\\/jeux-de-cables-de-comline\\\/#breadcrumb\",\"itemListElement\":[{\"@type\":\"ListItem\",\"position\":1,\"name\":\"Startseite\",\"item\":\"https:\\\/\\\/comline-elektronik.de\\\/fr\\\/\"},{\"@type\":\"ListItem\",\"position\":2,\"name\":\"Syst\u00e8mes de c\u00e2blage\",\"item\":\"https:\\\/\\\/comline-elektronik.de\\\/fr\\\/systemes-de-cablage\\\/\"},{\"@type\":\"ListItem\",\"position\":3,\"name\":\"Jeux de c\u00e2bles de Comline\"}]},{\"@type\":\"WebSite\",\"@id\":\"https:\\\/\\\/comline-elektronik.de\\\/#website\",\"url\":\"https:\\\/\\\/comline-elektronik.de\\\/\",\"name\":\"Comline Elektronik Elektrotechnik\",\"description\":\"Kabelsysteme | MIR-Spektrometer\",\"potentialAction\":[{\"@type\":\"SearchAction\",\"target\":{\"@type\":\"EntryPoint\",\"urlTemplate\":\"https:\\\/\\\/comline-elektronik.de\\\/?s={search_term_string}\"},\"query-input\":{\"@type\":\"PropertyValueSpecification\",\"valueRequired\":true,\"valueName\":\"search_term_string\"}}],\"inLanguage\":\"fr-FR\"}]}<\/script>\n<!-- \/ Yoast SEO plugin. -->","yoast_head_json":{"title":"Jeux de c\u00e2bles de Comline - Comline Elektronik Elektrotechnik","robots":{"index":"index","follow":"follow","max-snippet":"max-snippet:-1","max-image-preview":"max-image-preview:large","max-video-preview":"max-video-preview:-1"},"canonical":"https:\/\/comline-elektronik.de\/fr\/systemes-de-cablage\/jeux-de-cables-de-comline\/","og_locale":"fr_FR","og_type":"article","og_title":"Jeux de c\u00e2bles de Comline - Comline Elektronik Elektrotechnik","og_description":"[vc_row margin_bottom=\u00a0\u00bb60&Prime; css=\u00a0\u00bb.vc_custom_1484665843565{margin-bottom: 40px !important;}\u00a0\u00bb][vc_column width=\u00a0\u00bb1\/3&Prime;][\/vc_column][vc_column width=\u00a0\u00bb2\/3&Prime;][vc_column_text] C\u00e2blage intelligent Comline d\u00e9veloppe et produit des jeux de c\u00e2bles tr\u00e8s robustes, suffisamment r\u00e9sistants pour les conditions d&rsquo;utilisation les plus extr\u00eames. Sur demande, nous ne nous contentons pas de livrer tous les composants des r\u00e9seaux de bord complexes, mais nous nous occupons \u00e9galement de l&rsquo;installation \u2013 qu&rsquo;il s&rsquo;agisse&hellip;","og_url":"https:\/\/comline-elektronik.de\/fr\/systemes-de-cablage\/jeux-de-cables-de-comline\/","og_site_name":"Comline Elektronik Elektrotechnik","article_modified_time":"2025-04-03T10:02:30+00:00","twitter_card":"summary_large_image","twitter_misc":{"Dur\u00e9e de lecture estim\u00e9e":"2 minutes"},"schema":{"@context":"https:\/\/schema.org","@graph":[{"@type":"WebPage","@id":"https:\/\/comline-elektronik.de\/fr\/systemes-de-cablage\/jeux-de-cables-de-comline\/","url":"https:\/\/comline-elektronik.de\/fr\/systemes-de-cablage\/jeux-de-cables-de-comline\/","name":"Jeux de c\u00e2bles de Comline - Comline Elektronik Elektrotechnik","isPartOf":{"@id":"https:\/\/comline-elektronik.de\/#website"},"datePublished":"2017-01-19T10:52:11+00:00","dateModified":"2025-04-03T10:02:30+00:00","breadcrumb":{"@id":"https:\/\/comline-elektronik.de\/fr\/systemes-de-cablage\/jeux-de-cables-de-comline\/#breadcrumb"},"inLanguage":"fr-FR","potentialAction":[{"@type":"ReadAction","target":["https:\/\/comline-elektronik.de\/fr\/systemes-de-cablage\/jeux-de-cables-de-comline\/"]}]},{"@type":"BreadcrumbList","@id":"https:\/\/comline-elektronik.de\/fr\/systemes-de-cablage\/jeux-de-cables-de-comline\/#breadcrumb","itemListElement":[{"@type":"ListItem","position":1,"name":"Startseite","item":"https:\/\/comline-elektronik.de\/fr\/"},{"@type":"ListItem","position":2,"name":"Syst\u00e8mes de c\u00e2blage","item":"https:\/\/comline-elektronik.de\/fr\/systemes-de-cablage\/"},{"@type":"ListItem","position":3,"name":"Jeux de c\u00e2bles de Comline"}]},{"@type":"WebSite","@id":"https:\/\/comline-elektronik.de\/#website","url":"https:\/\/comline-elektronik.de\/","name":"Comline Elektronik Elektrotechnik","description":"Kabelsysteme | MIR-Spektrometer","potentialAction":[{"@type":"SearchAction","target":{"@type":"EntryPoint","urlTemplate":"https:\/\/comline-elektronik.de\/?s={search_term_string}"},"query-input":{"@type":"PropertyValueSpecification","valueRequired":true,"valueName":"search_term_string"}}],"inLanguage":"fr-FR"}]}},"jetpack_shortlink":"https:\/\/wp.me\/P9txgi-pW","jetpack_sharing_enabled":true,"_links":{"self":[{"href":"https:\/\/comline-elektronik.de\/fr\/wp-json\/wp\/v2\/pages\/1608","targetHints":{"allow":["GET"]}}],"collection":[{"href":"https:\/\/comline-elektronik.de\/fr\/wp-json\/wp\/v2\/pages"}],"about":[{"href":"https:\/\/comline-elektronik.de\/fr\/wp-json\/wp\/v2\/types\/page"}],"author":[{"embeddable":true,"href":"https:\/\/comline-elektronik.de\/fr\/wp-json\/wp\/v2\/users\/1"}],"replies":[{"embeddable":true,"href":"https:\/\/comline-elektronik.de\/fr\/wp-json\/wp\/v2\/comments?post=1608"}],"version-history":[{"count":2,"href":"https:\/\/comline-elektronik.de\/fr\/wp-json\/wp\/v2\/pages\/1608\/revisions"}],"predecessor-version":[{"id":4119,"href":"https:\/\/comline-elektronik.de\/fr\/wp-json\/wp\/v2\/pages\/1608\/revisions\/4119"}],"up":[{"embeddable":true,"href":"https:\/\/comline-elektronik.de\/fr\/wp-json\/wp\/v2\/pages\/1693"}],"wp:attachment":[{"href":"https:\/\/comline-elektronik.de\/fr\/wp-json\/wp\/v2\/media?parent=1608"}],"curies":[{"name":"wp","href":"https:\/\/api.w.org\/{rel}","templated":true}]}}