{"id":1604,"date":"2017-01-19T11:44:09","date_gmt":"2017-01-19T10:44:09","guid":{"rendered":"http:\/\/comline-elektronik.eu\/?page_id=1604\/"},"modified":"2025-04-03T10:36:50","modified_gmt":"2025-04-03T08:36:50","slug":"electronique","status":"publish","type":"page","link":"https:\/\/comline-elektronik.de\/fr\/electronique\/","title":{"rendered":"\u00c9lectronique"},"content":{"rendered":"<div class=\"wpb-content-wrapper\"><p>[vc_row margin_bottom=\u00a0\u00bb80px\u00a0\u00bb][vc_column width=\u00a0\u00bb1\/3&Prime;]<style type=\"text\/css\" data-type=\"the7_shortcodes-inline-css\">.shortcode-single-image-wrap.shortcode-single-image-0eda7f30aab4c082f8d57476ffd554b1.enable-bg-rollover .rollover i,\n.shortcode-single-image-wrap.shortcode-single-image-0eda7f30aab4c082f8d57476ffd554b1.enable-bg-rollover .rollover-video i {\n  background: -webkit-linear-gradient();\n  background: linear-gradient();\n}\n.shortcode-single-image-wrap.shortcode-single-image-0eda7f30aab4c082f8d57476ffd554b1 .rollover-icon {\n  font-size: 32px;\n  color: #ffffff;\n  min-width: 44px;\n  min-height: 44px;\n  line-height: 44px;\n  border-radius: 100px;\n  border-style: solid;\n  border-width: 0px;\n}\n.dt-icon-bg-on.shortcode-single-image-wrap.shortcode-single-image-0eda7f30aab4c082f8d57476ffd554b1 .rollover-icon {\n  background: rgba(255,255,255,0.3);\n  box-shadow: none;\n}\n<\/style><div class=\"shortcode-single-image-wrap shortcode-single-image-0eda7f30aab4c082f8d57476ffd554b1 alignnone  vc_custom_1484729611697 enable-bg-rollover dt-icon-bg-off\" ><div class=\"shortcode-single-image\"><div class=\"fancy-media-wrap  layzr-bg\" style=\"\"><img fetchpriority=\"high\" decoding=\"async\" class=\"preload-me lazy-load aspect\" src=\"data:image\/svg+xml,%3Csvg%20xmlns%3D&#39;http%3A%2F%2Fwww.w3.org%2F2000%2Fsvg&#39;%20viewBox%3D&#39;0%200%20400%20432&#39;%2F%3E\" data-src=\"https:\/\/comline-elektronik.de\/wp-content\/uploads\/2014\/05\/Simulationsschrank_vl_sRGB-400x432.jpg\" data-srcset=\"https:\/\/comline-elektronik.de\/wp-content\/uploads\/2014\/05\/Simulationsschrank_vl_sRGB-400x432.jpg 400w, https:\/\/comline-elektronik.de\/wp-content\/uploads\/2014\/05\/Simulationsschrank_vl_sRGB-800x864.jpg 800w\" loading=\"eager\" sizes=\"(max-width: 400px) 100vw, 400px\" width=\"400\" height=\"432\"  data-dt-location=\"https:\/\/comline-elektronik.de\/fr\/simulationsschrank_vl_srgb\/\" style=\"--ratio: 400 \/ 432;\" alt=\"Simulationsschrank\" \/><\/div><\/div><\/div>[\/vc_column][vc_column width=\u00a0\u00bb2\/3&Prime;][vc_column_text]<\/p>\n<h2>Solutions \u00e9lectroniques efficaces et uniques<\/h2>\n<div class=\"gap\" style=\"line-height: 20px; height: 20px;\"><\/div>[\/vc_column_text][vc_column_text]<\/p>\n<h4><span style=\"color: #808080;\">Qu&rsquo;il s&rsquo;agisse de machines agricoles, de construction ou des engins de manutention, pour des applications sensorielles ou industrielles : Comline Elektronik livre des solutions compl\u00e8tes et bien pens\u00e9es pour tout ce qui touche \u00e0 l&rsquo;\u00e9lectronique, des petites s\u00e9ries aux gros volumes \u2013\u00a0parfaitement adapt\u00e9es \u00e0 la pratique et fabriqu\u00e9es avec des contr\u00f4les de qualit\u00e9 stricts.<\/span><\/h4>\n<div class=\"gap\" style=\"line-height: 40px; height: 40px;\"><\/div>[\/vc_column_text][vc_accordion active_tab=\u00a0\u00bbfalse\u00a0\u00bb collapsible=\u00a0\u00bbyes\u00a0\u00bb title_size=\u00a0\u00bbh3&Prime;][vc_accordion_tab title=\u00a0\u00bbD\u00e9veloppements adapt\u00e9s aux clients\u00a0\u00bb][vc_column_text]<\/p>\n<h4><span style=\"color: #808080;\">Nous d\u00e9veloppons des solutions \u00e9lectroniques personnalis\u00e9es pour r\u00e9pondre \u00e0 vos besoins. Nous vous proposons tout-en-un, de la conception circuit au boitier correspondant \u2013 m\u00e9tal, plastique ou surmoulage \u2013 en passant par la certification CE en aval ainsi que la production en s\u00e9rie.<br \/>\n<\/span><\/h4>\n<p>[\/vc_column_text][\/vc_accordion_tab][vc_accordion_tab title=\u00a0\u00bbDissociation des circuits imprim\u00e9s, conception circuit et layout\u00a0\u00bb][vc_column_text]<\/p>\n<h4><span style=\"color: #808080;\">Gr\u00e2ce \u00e0 la richesse de l&rsquo;exp\u00e9rience de l&rsquo;\u00e9quipe de d\u00e9veloppement de Comline, nous concevons des solutions \u00e9lectroniques sur mesure, sur base d&rsquo;une analyse compl\u00e8te des circuits et de simulations, avec la dissociation des circuits imprim\u00e9s, le prototypage jusqu&rsquo;\u00e0 la certification et la production en s\u00e9rie. Notre exp\u00e9rience de projet va des minuscules plaques de surmoulage int\u00e9gr\u00e9es dans les connexions enfichables aux circuits de microprocesseur en passant par les platines haute tension de la technologie Press-fit pour les syst\u00e8mes \u00e9lectriques des v\u00e9hicules.<br \/>\n<\/span><\/h4>\n<p>[\/vc_column_text][\/vc_accordion_tab][vc_accordion_tab title=\u00a0\u00bbSyst\u00e8mes embarqu\u00e9s\u00a0\u00bb][vc_column_text]<\/p>\n<h4><span style=\"color: #808080;\">Nous d\u00e9veloppons le code de programme n\u00e9cessaire aux circuits bas\u00e9s sur les microprocesseurs et nous livrons des modules complets, test\u00e9s et param\u00e9tr\u00e9s, pr\u00eats \u00e0 l&#8217;emploi.<br \/>\n<\/span><\/h4>\n<p>[\/vc_column_text][\/vc_accordion_tab][vc_accordion_tab title=\u00a0\u00bbSolutions logiciel\u00a0\u00bb][vc_column_text]<\/p>\n<h4><span style=\"color: #808080;\">Notre d\u00e9partement logiciel interne d\u00e9veloppe et programme des solutions logiciel\/syst\u00e8me qui r\u00e9pondent \u00e0 des besoins sp\u00e9cifiques et qui sont adapt\u00e9es aux clients. N&rsquo;h\u00e9sitez pas \u00e0 nous contacter.<\/span><\/h4>\n<p>[\/vc_column_text][\/vc_accordion_tab][\/vc_accordion][\/vc_column][\/vc_row]<\/p>\n<\/div>","protected":false},"excerpt":{"rendered":"<p>[vc_row margin_bottom=\u00a0\u00bb80px\u00a0\u00bb][vc_column width=\u00a0\u00bb1\/3&Prime;][\/vc_column][vc_column width=\u00a0\u00bb2\/3&Prime;][vc_column_text] Solutions \u00e9lectroniques efficaces et uniques [\/vc_column_text][vc_column_text] Qu&rsquo;il s&rsquo;agisse de machines agricoles, de construction ou des engins de manutention, pour des applications sensorielles ou industrielles : Comline Elektronik livre des solutions compl\u00e8tes et bien pens\u00e9es pour tout ce qui touche \u00e0 l&rsquo;\u00e9lectronique, des petites s\u00e9ries aux gros volumes \u2013\u00a0parfaitement adapt\u00e9es \u00e0 la&hellip;<\/p>\n","protected":false},"author":1,"featured_media":0,"parent":0,"menu_order":0,"comment_status":"closed","ping_status":"open","template":"","meta":{"footnotes":""},"class_list":["post-1604","page","type-page","status-publish","hentry","description-off"],"yoast_head":"<!-- This site is optimized with the Yoast SEO plugin v27.4 - https:\/\/yoast.com\/product\/yoast-seo-wordpress\/ -->\n<title>\u00c9lectronique - Comline Elektronik Elektrotechnik<\/title>\n<meta name=\"robots\" content=\"index, follow, max-snippet:-1, max-image-preview:large, max-video-preview:-1\" \/>\n<link rel=\"canonical\" href=\"https:\/\/comline-elektronik.de\/fr\/electronique\/\" \/>\n<meta property=\"og:locale\" content=\"fr_FR\" \/>\n<meta property=\"og:type\" content=\"article\" \/>\n<meta property=\"og:title\" content=\"\u00c9lectronique - Comline Elektronik Elektrotechnik\" \/>\n<meta property=\"og:description\" content=\"[vc_row margin_bottom=\u00a0\u00bb80px\u00a0\u00bb][vc_column width=\u00a0\u00bb1\/3&Prime;][\/vc_column][vc_column width=\u00a0\u00bb2\/3&Prime;][vc_column_text] Solutions \u00e9lectroniques efficaces et uniques [\/vc_column_text][vc_column_text] Qu&rsquo;il s&rsquo;agisse de machines agricoles, de construction ou des engins de manutention, pour des applications sensorielles ou industrielles : Comline Elektronik livre des solutions compl\u00e8tes et bien pens\u00e9es pour tout ce qui touche \u00e0 l&rsquo;\u00e9lectronique, des petites s\u00e9ries aux gros volumes \u2013\u00a0parfaitement adapt\u00e9es \u00e0 la&hellip;\" \/>\n<meta property=\"og:url\" content=\"https:\/\/comline-elektronik.de\/fr\/electronique\/\" \/>\n<meta property=\"og:site_name\" content=\"Comline Elektronik Elektrotechnik\" \/>\n<meta property=\"article:modified_time\" content=\"2025-04-03T08:36:50+00:00\" \/>\n<meta name=\"twitter:card\" content=\"summary_large_image\" \/>\n<meta name=\"twitter:label1\" content=\"Dur\u00e9e de lecture estim\u00e9e\" \/>\n\t<meta name=\"twitter:data1\" content=\"2 minutes\" \/>\n<script type=\"application\/ld+json\" class=\"yoast-schema-graph\">{\"@context\":\"https:\\\/\\\/schema.org\",\"@graph\":[{\"@type\":\"WebPage\",\"@id\":\"https:\\\/\\\/comline-elektronik.de\\\/fr\\\/electronique\\\/\",\"url\":\"https:\\\/\\\/comline-elektronik.de\\\/fr\\\/electronique\\\/\",\"name\":\"\u00c9lectronique - Comline Elektronik Elektrotechnik\",\"isPartOf\":{\"@id\":\"https:\\\/\\\/comline-elektronik.de\\\/#website\"},\"datePublished\":\"2017-01-19T10:44:09+00:00\",\"dateModified\":\"2025-04-03T08:36:50+00:00\",\"breadcrumb\":{\"@id\":\"https:\\\/\\\/comline-elektronik.de\\\/fr\\\/electronique\\\/#breadcrumb\"},\"inLanguage\":\"fr-FR\",\"potentialAction\":[{\"@type\":\"ReadAction\",\"target\":[\"https:\\\/\\\/comline-elektronik.de\\\/fr\\\/electronique\\\/\"]}]},{\"@type\":\"BreadcrumbList\",\"@id\":\"https:\\\/\\\/comline-elektronik.de\\\/fr\\\/electronique\\\/#breadcrumb\",\"itemListElement\":[{\"@type\":\"ListItem\",\"position\":1,\"name\":\"Startseite\",\"item\":\"https:\\\/\\\/comline-elektronik.de\\\/fr\\\/\"},{\"@type\":\"ListItem\",\"position\":2,\"name\":\"\u00c9lectronique\"}]},{\"@type\":\"WebSite\",\"@id\":\"https:\\\/\\\/comline-elektronik.de\\\/#website\",\"url\":\"https:\\\/\\\/comline-elektronik.de\\\/\",\"name\":\"Comline Elektronik Elektrotechnik\",\"description\":\"Kabelsysteme | MIR-Spektrometer\",\"potentialAction\":[{\"@type\":\"SearchAction\",\"target\":{\"@type\":\"EntryPoint\",\"urlTemplate\":\"https:\\\/\\\/comline-elektronik.de\\\/?s={search_term_string}\"},\"query-input\":{\"@type\":\"PropertyValueSpecification\",\"valueRequired\":true,\"valueName\":\"search_term_string\"}}],\"inLanguage\":\"fr-FR\"}]}<\/script>\n<!-- \/ Yoast SEO plugin. -->","yoast_head_json":{"title":"\u00c9lectronique - Comline Elektronik Elektrotechnik","robots":{"index":"index","follow":"follow","max-snippet":"max-snippet:-1","max-image-preview":"max-image-preview:large","max-video-preview":"max-video-preview:-1"},"canonical":"https:\/\/comline-elektronik.de\/fr\/electronique\/","og_locale":"fr_FR","og_type":"article","og_title":"\u00c9lectronique - Comline Elektronik Elektrotechnik","og_description":"[vc_row margin_bottom=\u00a0\u00bb80px\u00a0\u00bb][vc_column width=\u00a0\u00bb1\/3&Prime;][\/vc_column][vc_column width=\u00a0\u00bb2\/3&Prime;][vc_column_text] Solutions \u00e9lectroniques efficaces et uniques [\/vc_column_text][vc_column_text] Qu&rsquo;il s&rsquo;agisse de machines agricoles, de construction ou des engins de manutention, pour des applications sensorielles ou industrielles : Comline Elektronik livre des solutions compl\u00e8tes et bien pens\u00e9es pour tout ce qui touche \u00e0 l&rsquo;\u00e9lectronique, des petites s\u00e9ries aux gros volumes \u2013\u00a0parfaitement adapt\u00e9es \u00e0 la&hellip;","og_url":"https:\/\/comline-elektronik.de\/fr\/electronique\/","og_site_name":"Comline Elektronik Elektrotechnik","article_modified_time":"2025-04-03T08:36:50+00:00","twitter_card":"summary_large_image","twitter_misc":{"Dur\u00e9e de lecture estim\u00e9e":"2 minutes"},"schema":{"@context":"https:\/\/schema.org","@graph":[{"@type":"WebPage","@id":"https:\/\/comline-elektronik.de\/fr\/electronique\/","url":"https:\/\/comline-elektronik.de\/fr\/electronique\/","name":"\u00c9lectronique - Comline Elektronik Elektrotechnik","isPartOf":{"@id":"https:\/\/comline-elektronik.de\/#website"},"datePublished":"2017-01-19T10:44:09+00:00","dateModified":"2025-04-03T08:36:50+00:00","breadcrumb":{"@id":"https:\/\/comline-elektronik.de\/fr\/electronique\/#breadcrumb"},"inLanguage":"fr-FR","potentialAction":[{"@type":"ReadAction","target":["https:\/\/comline-elektronik.de\/fr\/electronique\/"]}]},{"@type":"BreadcrumbList","@id":"https:\/\/comline-elektronik.de\/fr\/electronique\/#breadcrumb","itemListElement":[{"@type":"ListItem","position":1,"name":"Startseite","item":"https:\/\/comline-elektronik.de\/fr\/"},{"@type":"ListItem","position":2,"name":"\u00c9lectronique"}]},{"@type":"WebSite","@id":"https:\/\/comline-elektronik.de\/#website","url":"https:\/\/comline-elektronik.de\/","name":"Comline Elektronik Elektrotechnik","description":"Kabelsysteme | MIR-Spektrometer","potentialAction":[{"@type":"SearchAction","target":{"@type":"EntryPoint","urlTemplate":"https:\/\/comline-elektronik.de\/?s={search_term_string}"},"query-input":{"@type":"PropertyValueSpecification","valueRequired":true,"valueName":"search_term_string"}}],"inLanguage":"fr-FR"}]}},"jetpack_shortlink":"https:\/\/wp.me\/P9txgi-pS","jetpack_sharing_enabled":true,"_links":{"self":[{"href":"https:\/\/comline-elektronik.de\/fr\/wp-json\/wp\/v2\/pages\/1604","targetHints":{"allow":["GET"]}}],"collection":[{"href":"https:\/\/comline-elektronik.de\/fr\/wp-json\/wp\/v2\/pages"}],"about":[{"href":"https:\/\/comline-elektronik.de\/fr\/wp-json\/wp\/v2\/types\/page"}],"author":[{"embeddable":true,"href":"https:\/\/comline-elektronik.de\/fr\/wp-json\/wp\/v2\/users\/1"}],"replies":[{"embeddable":true,"href":"https:\/\/comline-elektronik.de\/fr\/wp-json\/wp\/v2\/comments?post=1604"}],"version-history":[{"count":2,"href":"https:\/\/comline-elektronik.de\/fr\/wp-json\/wp\/v2\/pages\/1604\/revisions"}],"predecessor-version":[{"id":4087,"href":"https:\/\/comline-elektronik.de\/fr\/wp-json\/wp\/v2\/pages\/1604\/revisions\/4087"}],"wp:attachment":[{"href":"https:\/\/comline-elektronik.de\/fr\/wp-json\/wp\/v2\/media?parent=1604"}],"curies":[{"name":"wp","href":"https:\/\/api.w.org\/{rel}","templated":true}]}}