{"id":1593,"date":"2017-01-19T10:34:57","date_gmt":"2017-01-19T09:34:57","guid":{"rendered":"http:\/\/comline-elektronik.eu\/?page_id=1593\/"},"modified":"2023-10-17T11:20:57","modified_gmt":"2023-10-17T09:20:57","slug":"home","status":"publish","type":"page","link":"https:\/\/comline-elektronik.de\/fr\/","title":{"rendered":"Home"},"content":{"rendered":"<div class=\"wpb-content-wrapper\"><p>[vc_row type=\u00a0\u00bb1&Prime; margin_top=\u00a0\u00bb-40&Prime; margin_bottom=\u00a0\u00bb0&Prime; padding_top=\u00a0\u00bb40&Prime; padding_bottom=\u00a0\u00bb40&Prime; bg_color=\u00a0\u00bb#ffffff\u00a0\u00bb bg_attachment=\u00a0\u00bbtrue\u00a0\u00bb min_height=\u00a0\u00bb30%\u00a0\u00bb][vc_column width=\u00a0\u00bb2\/3&Prime;][vc_column_text]<\/p>\n<h1>Solutions innovantes pour le c\u00e2blage des v\u00e9hicules et l&rsquo;\u00e9lectronique de bord<\/h1>\n<div class=\"gap\" style=\"line-height: 20px; height: 20px;\"><\/div>\n<h4><span style=\"color: #808080;\">AEn tant que partenaire du syst\u00e8me pour le d\u00e9veloppement et la fabrication de syst\u00e8mes de c\u00e2blage et de l&rsquo;\u00e9lectrique de bord, la Comline Elektronik Elektrotechnik GmbH maintient le cap sur la croissance depuis sa cr\u00e9ation en 1990. Avec nos quelque 210 collaborateurs actuels travaillant sur deux sites de production bavarois, nous fournissons des fabricants reconnus dans le domaine agricole, du b\u00e2timent, et dans la construction de v\u00e9hicules sp\u00e9ciaux, machines, ing\u00e9nierie syst\u00e8me et la fabrication d&rsquo;instrument. Nos solutions syst\u00e8me de haute qualit\u00e9 adapt\u00e9es aux clients se basent sur plusieurs d\u00e9cennies de planification, d\u00e9veloppement et savoir-faire de fabrication en \u00e9volution constante. Confection de c\u00e2bles, jeux de c\u00e2bles complexes, armoires de commande et syst\u00e8mes \u00e9lectriques, modules complets et sous-syst\u00e8mes de v\u00e9hicules, composants \u00e9lectroniques et m\u00e9caniques ainsi que tests d&rsquo;\u00e9quipement indispensables pour chacun d&rsquo;eux, sans oublier la planification qui va de paire, la documentation et la fourniture des pi\u00e8ces de rechange, voil\u00e0 l&rsquo;\u00e9tendue de nos produits et des services que nous proposons.<br \/>\n<\/span><\/h4>\n<h4><span style=\"color: #808080;\">Depuis 2013, le Sparte Comline Sensor System a rejoint notre catalogue, il s&rsquo;agit d&rsquo;un spectrom\u00e8tre MIR miniature pour diff\u00e9rentes applications dans le domaine des diagnostics d&rsquo;\u00e9tat de l&rsquo;huile et pour les techniques de mesure de process dans le domaine m\u00e9dical, environnemental et industriel. La gamme innovante \u00bbIR Sphinx\u00ab introduit donc de nouvelles normes dans le domaine des spectrom\u00e8tres MIR portatifs.<\/span><\/h4>\n<p>[\/vc_column_text]<div class=\"ult-spacer spacer-69e1cb515ae57\" data-id=\"69e1cb515ae57\" data-height=\"20\" data-height-mobile=\"20\" data-height-tab=\"20\" data-height-tab-portrait=\"20\" data-height-mobile-landscape=\"20\" style=\"clear:both;display:block;\"><\/div>[\/vc_column][vc_column width=\u00a0\u00bb1\/3&Prime;][vc_video link=\u00a0\u00bbhttps:\/\/youtu.be\/tQiXL7B6f70?rel=0&Prime; css=\u00a0\u00bb.vc_custom_1666594125393{margin-top: 0px !important;border-top-width: 0px !important;padding-top: 0px !important;}\u00a0\u00bb]<div class=\"ult-spacer spacer-69e1cb515ae98\" data-id=\"69e1cb515ae98\" data-height=\"20\" data-height-mobile=\"20\" data-height-tab=\"20\" data-height-tab-portrait=\"\" data-height-mobile-landscape=\"\" style=\"clear:both;display:block;\"><\/div>[\/vc_column][\/vc_row][vc_row][vc_column width=\u00a0\u00bb2\/3&Prime;][vc_column_text]<\/p>\n<h1>Nos standards de qualit\u00e9<\/h1>\n<div class=\"gap\" style=\"line-height: 20px; height: 20px;\"><\/div>\n<h4><span style=\"color: #808080;\">Du point de vue de nos clients, la qualit\u00e9 est un crit\u00e8re essentiel pour tous processus op\u00e9rationnels et de production qui sont r\u00e9guli\u00e8rement contr\u00f4l\u00e9s et certifi\u00e9s selon la norme ISO 9001:2008. Pour atteindre la qualit\u00e9 de produit exig\u00e9e, nous utilisons des m\u00e9thodes d&rsquo;essai et de mesure ultra modernes. Une collaboration diversifi\u00e9e et des projets communs avec des laboratoires, des instituts et des partenaires externes nous permet d&rsquo;\u00e9largir nos possibilit\u00e9s de mesure et de diagnostic. Nous consid\u00e9rons l&rsquo;utilisation de d\u00e9marches de qualit\u00e9 telles que des audits de produits, des audits internes en permanence, des analyses de risques FMEA ou des qualifications de produits et de processus selon les standards VDA (PPAP), comme indispensables et nous sommes r\u00e9guli\u00e8rement valid\u00e9s par les audits clients.<\/span><\/h4>\n<p>[\/vc_column_text][\/vc_column][vc_column width=\u00a0\u00bb1\/3&Prime;][vc_single_image image=\u00a0\u00bb3142&Prime; img_size=\u00a0\u00bb220&#215;320&Prime; alignment=\u00a0\u00bbcenter\u00a0\u00bb lazy_loading=\u00a0\u00bbtrue\u00a0\u00bb][\/vc_column][\/vc_row][vc_row type=\u00a0\u00bb1&Prime; margin_top=\u00a0\u00bb0&Prime; margin_bottom=\u00a0\u00bb0&Prime; padding_top=\u00a0\u00bb40&Prime; padding_bottom=\u00a0\u00bb40&Prime; bg_color=\u00a0\u00bb#f7f7f8&Prime; bg_cover=\u00a0\u00bbtrue\u00a0\u00bb bg_attachment=\u00a0\u00bbtrue\u00a0\u00bb min_height=\u00a0\u00bb25%\u00a0\u00bb][vc_column width=\u00a0\u00bb1\/3&Prime;]<div class=\"shortcode-banner shortcode-banner-link\" style=\"min-height: 200px;background-image: url(https:\/\/comline-elektronik.de\/wp-content\/uploads\/2019\/04\/Verkabelungssysteme-am-Legebrett-opt.jpg)\" onclick=\"window.location.href='\/verkabelungssysteme\/kabelsaetze-von-comline\/';\"><div class=\"shortcode-banner-bg wf-table\" style=\"padding: 12px;min-height: 200px\"><div class=\"shortcode-banner-inside wf-table text-normal\" style=\"background-color: rgb(255,187,17);background-color: #ffbb11;border: solid 12px transparent;outline: solid 0px;outline-color: #ffffff;height: 188px\"><div><h3 style=\"text-align: center;\"><span style=\"color: #000000;\">Syst\u00e8mes de c\u00e2blage<\/span><\/h3>\n<h3 style=\"text-align: center;\"><span style=\"color: #ffffff;\">Jeux de c\u00e2bles, r\u00e9seaux de bord &amp; Co.<\/span><\/h3>\n<\/div><\/div><\/div><\/div><div class=\"gap\" style=\"line-height: 10px; height: 10px;\"><\/div>[vc_column_text]<\/p>\n<h4 style=\"text-align: center;\"><span style=\"color: #666666;\">Syst\u00e8me de c\u00e2blages robustes et syst\u00e8mes \u00e9lectriques, c\u00e2blages industriels et armoires de commande<\/span><\/h4>\n<p>[\/vc_column_text][\/vc_column][vc_column width=\u00a0\u00bb1\/3&Prime;]<div class=\"shortcode-banner shortcode-banner-link\" style=\"min-height: 200px;background-image: url(https:\/\/comline-elektronik.de\/wp-content\/uploads\/2019\/04\/Elektronik-Planung-Entwicklung-opt-1.jpg)\" onclick=\"window.location.href='\/elektronik';\"><div class=\"shortcode-banner-bg wf-table\" style=\"padding: 12px;min-height: 200px\"><div class=\"shortcode-banner-inside wf-table text-normal\" style=\"background-color: rgb(255,187,17);background-color: #ffbb11;border: solid 12px transparent;outline: solid 0px;outline-color: #ffffff;height: 188px\"><div><h3 style=\"text-align: center;\"><span style=\"color: #000000;\">\u00c9lectronique<\/span><\/h3>\n<h3 style=\"text-align: center;\"><span style=\"color: #ffffff;\">Solutions adapt\u00e9es aux clients<\/span><\/h3>\n<\/div><\/div><\/div><\/div><div class=\"gap\" style=\"line-height: 10px; height: 10px;\"><\/div>[vc_column_text]<\/p>\n<h4 style=\"text-align: center;\"><span style=\"color: #666666;\">Syst\u00e8mes \u00e9lectroniques adapt\u00e9s aux clients, syst\u00e8mes embarqu\u00e9s, solutions logiciel et composants m\u00e9caniques<\/span><\/h4>\n<p>[\/vc_column_text][\/vc_column][vc_column width=\u00a0\u00bb1\/3&Prime;]<div class=\"shortcode-banner shortcode-banner-link\" style=\"min-height: 200px;background-image: url(https:\/\/comline-elektronik.de\/wp-content\/uploads\/2019\/04\/MIR-Spektrometer-Sphinx-Montage-opt-1.jpg)\" onclick=\"window.location.href='\/mir-spektrometer';\"><div class=\"shortcode-banner-bg wf-table\" style=\"padding: 12px;min-height: 200px\"><div class=\"shortcode-banner-inside wf-table text-normal\" style=\"background-color: rgb(255,187,17);background-color: #ffbb11;border: solid 12px transparent;outline: solid 0px;outline-color: #ffffff;height: 188px\"><div><h3 style=\"text-align: center;\"><span style=\"color: #000000;\">Spectrom\u00e8tre MIR<\/span><\/h3>\n<h3 style=\"text-align: center;\"><span style=\"color: #ffffff;\">Spectrom\u00e8tre miniature<\/span><\/h3>\n<\/div><\/div><\/div><\/div><div class=\"gap\" style=\"line-height: 10px; height: 10px;\"><\/div>[vc_column_text]<\/p>\n<h4 style=\"text-align: center;\"><span style=\"color: #666666;\">IR Sphinx Comline: Spectrom\u00e8tre MIR compact pour une utilisation industrielle ou en laboratoire<\/span><\/h4>\n<p>[\/vc_column_text][\/vc_column][\/vc_row][vc_row][vc_column]<div class=\"gap\" style=\"line-height: 80px; height: 80px;\"><\/div>[\/vc_column][\/vc_row][vc_row margin_top=\u00a0\u00bb0&Prime; margin_bottom=\u00a0\u00bb0&Prime;][vc_column]<section id=\"benefits-grid-1\" class=\"benefits-grid wf-container light-bg light-hover-bg custom-icon-color light-icon-hover-color\" data-width=\"180px\" data-columns=\"4\"><style type=\"text\/css\">#benefits-grid-1 .benefits-grid-ico > i { font-size: 36px; line-height: 36px; }#benefits-grid-1.custom-icon-color .benefits-grid-ico > i,\n\t\t\t\t\t#benefits-grid-1.custom-icon-color .benefits-grid-ico > i:before { color: #ffbb11; }<\/style><div class=\"wf-cell\"><div><div class=\"text-normal\"><div class=\"benefit-line-decoration\"><span class=\"benefits-grid-ico layzr-bg\"><img decoding=\"async\" class=\"lazy-load\" src=\"data:image\/svg+xml;charset=utf-8,%3Csvg xmlns%3D&#039;http%3A%2F%2Fwww.w3.org%2F2000%2Fsvg&#039; viewBox%3D&#039;0 0 75 75&#039;%2F%3E\" width=\"75\" height=\"75\" alt=\"Production\" data-srcset=\"https:\/\/comline-elektronik.de\/wp-content\/uploads\/2023\/10\/comline-skalierbare-produktion.png 75w\" data-src=\"https:\/\/comline-elektronik.de\/wp-content\/uploads\/2023\/10\/comline-skalierbare-produktion.png\" \/><\/span><h3>Production<\/h3><\/div><p><span style=\"font-size:24px; line-height:20px; color:black;\">\u00e9volutive<\/span><\/p>\n<\/div><\/div><\/div><div class=\"wf-cell\"><div><div class=\"text-normal\"><div class=\"benefit-line-decoration\"><span class=\"benefits-grid-ico layzr-bg\"><img decoding=\"async\" class=\"lazy-load\" src=\"data:image\/svg+xml;charset=utf-8,%3Csvg xmlns%3D&#039;http%3A%2F%2Fwww.w3.org%2F2000%2Fsvg&#039; viewBox%3D&#039;0 0 75 74&#039;%2F%3E\" width=\"75\" height=\"74\" alt=\"4 sites\" data-srcset=\"https:\/\/comline-elektronik.de\/wp-content\/uploads\/2014\/03\/comline-2-standorte-in-bayern-e1504103772503.png 75w\" data-src=\"https:\/\/comline-elektronik.de\/wp-content\/uploads\/2014\/03\/comline-2-standorte-in-bayern-e1504103772503.png\" \/><\/span><h3>4 sites<\/h3><\/div><p><span style=\"font-size:24px; line-height:20px; color:black;\">en DE \/ CZ \/ SK<\/span><\/p>\n<\/div><\/div><\/div><div class=\"wf-cell\"><div><div class=\"text-normal\"><div class=\"benefit-line-decoration\"><span class=\"benefits-grid-ico layzr-bg\"><img decoding=\"async\" class=\"lazy-load\" src=\"data:image\/svg+xml;charset=utf-8,%3Csvg xmlns%3D&#039;http%3A%2F%2Fwww.w3.org%2F2000%2Fsvg&#039; viewBox%3D&#039;0 0 75 75&#039;%2F%3E\" width=\"75\" height=\"75\" alt=\"Conforme \u00e0 la norme\" data-srcset=\"https:\/\/comline-elektronik.de\/wp-content\/uploads\/2014\/03\/comline-zertifiziert-DIN-EN-ISO-9001-2008-e1504103857798.png 75w\" data-src=\"https:\/\/comline-elektronik.de\/wp-content\/uploads\/2014\/03\/comline-zertifiziert-DIN-EN-ISO-9001-2008-e1504103857798.png\" \/><\/span><h3>Conforme \u00e0 la norme<\/h3><\/div><p><span style=\"font-size:24px; line-height:20px; color:black;\">DIN 9001:2015<\/span><\/p>\n<\/div><\/div><\/div><div class=\"wf-cell\"><div><div class=\"text-normal\"><div class=\"benefit-line-decoration\"><span class=\"benefits-grid-ico layzr-bg\"><img loading=\"lazy\" decoding=\"async\" class=\"lazy-load\" src=\"data:image\/svg+xml;charset=utf-8,%3Csvg xmlns%3D&#039;http%3A%2F%2Fwww.w3.org%2F2000%2Fsvg&#039; viewBox%3D&#039;0 0 75 74&#039;%2F%3E\" width=\"75\" height=\"74\" alt=\"Couronn\u00e9 de succ\u00e8s\" data-srcset=\"https:\/\/comline-elektronik.de\/wp-content\/uploads\/2014\/03\/comline-erfolgreich-seit-1990-e1504103606680.png 75w\" data-src=\"https:\/\/comline-elektronik.de\/wp-content\/uploads\/2014\/03\/comline-erfolgreich-seit-1990-e1504103606680.png\" \/><\/span><h3>Couronn\u00e9 de succ\u00e8s<\/h3><\/div><p><span style=\"font-size:24px; line-height:20px; color:black;\">depuis 1990<\/span><\/p>\n<\/div><\/div><\/div><\/section>[\/vc_column][\/vc_row][vc_row margin_bottom=\u00a0\u00bb20px\u00a0\u00bb][vc_column]<div class=\"gap\" style=\"line-height: 80px; height: 80px;\"><\/div>[\/vc_column][\/vc_row]<\/p>\n<\/div>","protected":false},"excerpt":{"rendered":"<p>[vc_row type=\u00a0\u00bb1&Prime; margin_top=\u00a0\u00bb-40&Prime; margin_bottom=\u00a0\u00bb0&Prime; padding_top=\u00a0\u00bb40&Prime; padding_bottom=\u00a0\u00bb40&Prime; bg_color=\u00a0\u00bb#ffffff\u00a0\u00bb bg_attachment=\u00a0\u00bbtrue\u00a0\u00bb min_height=\u00a0\u00bb30%\u00a0\u00bb][vc_column width=\u00a0\u00bb2\/3&Prime;][vc_column_text] Solutions innovantes pour le c\u00e2blage des v\u00e9hicules et l&rsquo;\u00e9lectronique de bord AEn tant que partenaire du syst\u00e8me pour le d\u00e9veloppement et la fabrication de syst\u00e8mes de c\u00e2blage et de l&rsquo;\u00e9lectrique de bord, la Comline Elektronik Elektrotechnik GmbH maintient le cap sur la croissance depuis sa&hellip;<\/p>\n","protected":false},"author":1,"featured_media":0,"parent":0,"menu_order":0,"comment_status":"closed","ping_status":"open","template":"","meta":{"footnotes":""},"class_list":["post-1593","page","type-page","status-publish","hentry","description-off"],"yoast_head":"<!-- This site is optimized with the Yoast SEO plugin v27.4 - https:\/\/yoast.com\/product\/yoast-seo-wordpress\/ -->\n<title>Home - Comline Elektronik Elektrotechnik<\/title>\n<meta name=\"robots\" content=\"index, follow, max-snippet:-1, max-image-preview:large, max-video-preview:-1\" \/>\n<link rel=\"canonical\" href=\"https:\/\/comline-elektronik.de\/fr\/\" \/>\n<meta property=\"og:locale\" content=\"fr_FR\" \/>\n<meta property=\"og:type\" content=\"article\" \/>\n<meta property=\"og:title\" content=\"Home - Comline Elektronik Elektrotechnik\" \/>\n<meta property=\"og:description\" content=\"[vc_row type=\u00a0\u00bb1&Prime; margin_top=\u00a0\u00bb-40&Prime; margin_bottom=\u00a0\u00bb0&Prime; padding_top=\u00a0\u00bb40&Prime; padding_bottom=\u00a0\u00bb40&Prime; bg_color=\u00a0\u00bb#ffffff\u00a0\u00bb bg_attachment=\u00a0\u00bbtrue\u00a0\u00bb min_height=\u00a0\u00bb30%\u00a0\u00bb][vc_column width=\u00a0\u00bb2\/3&Prime;][vc_column_text] Solutions innovantes pour le c\u00e2blage des v\u00e9hicules et l&rsquo;\u00e9lectronique de bord AEn tant que partenaire du syst\u00e8me pour le d\u00e9veloppement et la fabrication de syst\u00e8mes de c\u00e2blage et de l&rsquo;\u00e9lectrique de bord, la Comline Elektronik Elektrotechnik GmbH maintient le cap sur la croissance depuis sa&hellip;\" \/>\n<meta property=\"og:url\" content=\"https:\/\/comline-elektronik.de\/fr\/\" \/>\n<meta property=\"og:site_name\" content=\"Comline Elektronik Elektrotechnik\" \/>\n<meta property=\"article:modified_time\" content=\"2023-10-17T09:20:57+00:00\" \/>\n<meta name=\"twitter:card\" content=\"summary_large_image\" \/>\n<meta name=\"twitter:label1\" content=\"Dur\u00e9e de lecture estim\u00e9e\" \/>\n\t<meta name=\"twitter:data1\" content=\"3 minutes\" \/>\n<script type=\"application\/ld+json\" class=\"yoast-schema-graph\">{\"@context\":\"https:\\\/\\\/schema.org\",\"@graph\":[{\"@type\":\"WebPage\",\"@id\":\"https:\\\/\\\/comline-elektronik.de\\\/fr\\\/\",\"url\":\"https:\\\/\\\/comline-elektronik.de\\\/fr\\\/\",\"name\":\"Home - Comline Elektronik Elektrotechnik\",\"isPartOf\":{\"@id\":\"https:\\\/\\\/comline-elektronik.de\\\/#website\"},\"datePublished\":\"2017-01-19T09:34:57+00:00\",\"dateModified\":\"2023-10-17T09:20:57+00:00\",\"breadcrumb\":{\"@id\":\"https:\\\/\\\/comline-elektronik.de\\\/fr\\\/#breadcrumb\"},\"inLanguage\":\"fr-FR\",\"potentialAction\":[{\"@type\":\"ReadAction\",\"target\":[\"https:\\\/\\\/comline-elektronik.de\\\/fr\\\/\"]}]},{\"@type\":\"BreadcrumbList\",\"@id\":\"https:\\\/\\\/comline-elektronik.de\\\/fr\\\/#breadcrumb\",\"itemListElement\":[{\"@type\":\"ListItem\",\"position\":1,\"name\":\"Startseite\",\"item\":\"https:\\\/\\\/comline-elektronik.de\\\/fr\\\/\"},{\"@type\":\"ListItem\",\"position\":2,\"name\":\"Home\"}]},{\"@type\":\"WebSite\",\"@id\":\"https:\\\/\\\/comline-elektronik.de\\\/#website\",\"url\":\"https:\\\/\\\/comline-elektronik.de\\\/\",\"name\":\"Comline Elektronik Elektrotechnik\",\"description\":\"Kabelsysteme | MIR-Spektrometer\",\"potentialAction\":[{\"@type\":\"SearchAction\",\"target\":{\"@type\":\"EntryPoint\",\"urlTemplate\":\"https:\\\/\\\/comline-elektronik.de\\\/?s={search_term_string}\"},\"query-input\":{\"@type\":\"PropertyValueSpecification\",\"valueRequired\":true,\"valueName\":\"search_term_string\"}}],\"inLanguage\":\"fr-FR\"}]}<\/script>\n<!-- \/ Yoast SEO plugin. -->","yoast_head_json":{"title":"Home - Comline Elektronik Elektrotechnik","robots":{"index":"index","follow":"follow","max-snippet":"max-snippet:-1","max-image-preview":"max-image-preview:large","max-video-preview":"max-video-preview:-1"},"canonical":"https:\/\/comline-elektronik.de\/fr\/","og_locale":"fr_FR","og_type":"article","og_title":"Home - Comline Elektronik Elektrotechnik","og_description":"[vc_row type=\u00a0\u00bb1&Prime; margin_top=\u00a0\u00bb-40&Prime; margin_bottom=\u00a0\u00bb0&Prime; padding_top=\u00a0\u00bb40&Prime; padding_bottom=\u00a0\u00bb40&Prime; bg_color=\u00a0\u00bb#ffffff\u00a0\u00bb bg_attachment=\u00a0\u00bbtrue\u00a0\u00bb min_height=\u00a0\u00bb30%\u00a0\u00bb][vc_column width=\u00a0\u00bb2\/3&Prime;][vc_column_text] Solutions innovantes pour le c\u00e2blage des v\u00e9hicules et l&rsquo;\u00e9lectronique de bord AEn tant que partenaire du syst\u00e8me pour le d\u00e9veloppement et la fabrication de syst\u00e8mes de c\u00e2blage et de l&rsquo;\u00e9lectrique de bord, la Comline Elektronik Elektrotechnik GmbH maintient le cap sur la croissance depuis sa&hellip;","og_url":"https:\/\/comline-elektronik.de\/fr\/","og_site_name":"Comline Elektronik Elektrotechnik","article_modified_time":"2023-10-17T09:20:57+00:00","twitter_card":"summary_large_image","twitter_misc":{"Dur\u00e9e de lecture estim\u00e9e":"3 minutes"},"schema":{"@context":"https:\/\/schema.org","@graph":[{"@type":"WebPage","@id":"https:\/\/comline-elektronik.de\/fr\/","url":"https:\/\/comline-elektronik.de\/fr\/","name":"Home - Comline Elektronik Elektrotechnik","isPartOf":{"@id":"https:\/\/comline-elektronik.de\/#website"},"datePublished":"2017-01-19T09:34:57+00:00","dateModified":"2023-10-17T09:20:57+00:00","breadcrumb":{"@id":"https:\/\/comline-elektronik.de\/fr\/#breadcrumb"},"inLanguage":"fr-FR","potentialAction":[{"@type":"ReadAction","target":["https:\/\/comline-elektronik.de\/fr\/"]}]},{"@type":"BreadcrumbList","@id":"https:\/\/comline-elektronik.de\/fr\/#breadcrumb","itemListElement":[{"@type":"ListItem","position":1,"name":"Startseite","item":"https:\/\/comline-elektronik.de\/fr\/"},{"@type":"ListItem","position":2,"name":"Home"}]},{"@type":"WebSite","@id":"https:\/\/comline-elektronik.de\/#website","url":"https:\/\/comline-elektronik.de\/","name":"Comline Elektronik Elektrotechnik","description":"Kabelsysteme | MIR-Spektrometer","potentialAction":[{"@type":"SearchAction","target":{"@type":"EntryPoint","urlTemplate":"https:\/\/comline-elektronik.de\/?s={search_term_string}"},"query-input":{"@type":"PropertyValueSpecification","valueRequired":true,"valueName":"search_term_string"}}],"inLanguage":"fr-FR"}]}},"jetpack_shortlink":"https:\/\/wp.me\/P9txgi-pH","jetpack_sharing_enabled":true,"_links":{"self":[{"href":"https:\/\/comline-elektronik.de\/fr\/wp-json\/wp\/v2\/pages\/1593","targetHints":{"allow":["GET"]}}],"collection":[{"href":"https:\/\/comline-elektronik.de\/fr\/wp-json\/wp\/v2\/pages"}],"about":[{"href":"https:\/\/comline-elektronik.de\/fr\/wp-json\/wp\/v2\/types\/page"}],"author":[{"embeddable":true,"href":"https:\/\/comline-elektronik.de\/fr\/wp-json\/wp\/v2\/users\/1"}],"replies":[{"embeddable":true,"href":"https:\/\/comline-elektronik.de\/fr\/wp-json\/wp\/v2\/comments?post=1593"}],"version-history":[{"count":8,"href":"https:\/\/comline-elektronik.de\/fr\/wp-json\/wp\/v2\/pages\/1593\/revisions"}],"predecessor-version":[{"id":3454,"href":"https:\/\/comline-elektronik.de\/fr\/wp-json\/wp\/v2\/pages\/1593\/revisions\/3454"}],"wp:attachment":[{"href":"https:\/\/comline-elektronik.de\/fr\/wp-json\/wp\/v2\/media?parent=1593"}],"curies":[{"name":"wp","href":"https:\/\/api.w.org\/{rel}","templated":true}]}}